{"id":2637,"date":"2023-05-25T08:30:06","date_gmt":"2023-05-25T08:30:06","guid":{"rendered":"https:\/\/swacetconstruction.com\/costruire-una-casa-di-alta-gamma\/"},"modified":"2023-06-02T14:41:36","modified_gmt":"2023-06-02T14:41:36","slug":"costruire-una-casa-di-alta-gamma","status":"publish","type":"page","link":"https:\/\/swacetconstruction.com\/it\/costruire-una-casa-di-alta-gamma\/","title":{"rendered":"Costruire una casa di alta gamma"},"content":{"rendered":"<section class=\"gb-container gb-container-53ff3c59\">\n<div class=\"gb-container gb-container-6fdb1a46\">\n<div class=\"gb-grid-wrapper gb-grid-wrapper-a9c1f250\">\n<div class=\"gb-grid-column gb-grid-column-bc83b943\"><div class=\"gb-container gb-container-bc83b943 glass\">\n\n<h1 class=\"gb-headline gb-headline-f432a4ae gb-headline-text\">Costruire una casa di alta gamma<\/h1>\n\n\n\n<p class=\"gb-headline gb-headline-0a639fd9 gb-headline-text\">Avete intenzione di <strong>costruire una casa <\/strong>? Lavoriamo come costruttori di case per dare vita al vostro progetto.<\/p>\n\n\n\n<p class=\"gb-headline gb-headline-d84f46a6 gb-headline-text\">Casa moderna, casa contemporanea, casa tradizionale: qualunque sia la dimensione del vostro progetto, ci occuperemo dell&#8217;intero processo di costruzione della casa e vi forniremo un&#8217;assistenza personalizzata, dalla fase di progettazione fino alla consegna delle chiavi, senza ritardi in cantiere.<\/p>\n\n\n\n<p class=\"gb-headline gb-headline-030db3a4 gb-headline-text\">Grazie all&#8217;esperienza accumulata dal 2011, possiamo garantire che la vostra casa sar\u00e0 costruita secondo gli standard pi\u00f9 elevati, con le necessarie garanzie (garanzia decennale) e il monitoraggio della qualit\u00e0 in ogni fase.<\/p>\n\n\n<div class=\"gb-grid-wrapper gb-grid-wrapper-9edadf06\">\n<div class=\"gb-grid-column gb-grid-column-592fc72e\"><div class=\"gb-container gb-container-592fc72e\">\n<div class=\"wp-block-image\">\n<figure class=\"aligncenter size-full is-resized\"><img decoding=\"async\" src=\"https:\/\/swacetconstruction.com\/wp-content\/uploads\/2023\/05\/decennale.webp\" alt=\"\" class=\"wp-image-2310\" width=\"125\"\/><\/figure>\n<\/div>\n<\/div><\/div>\n\n<div class=\"gb-grid-column gb-grid-column-a3eaa626\"><div class=\"gb-container gb-container-a3eaa626\">\n<div class=\"wp-block-image\">\n<figure class=\"aligncenter size-full is-resized\"><img decoding=\"async\" src=\"https:\/\/swacetconstruction.com\/wp-content\/uploads\/2022\/03\/SG_LOC_Header_Left_Logo.webp\" alt=\"\" class=\"wp-image-1057\" width=\"125\"\/><\/figure>\n<\/div>\n<\/div><\/div>\n\n<div class=\"gb-grid-column gb-grid-column-96613d48\"><div class=\"gb-container gb-container-96613d48\">\n<div class=\"wp-block-image\">\n<figure class=\"aligncenter size-full is-resized\"><img loading=\"lazy\" decoding=\"async\" src=\"https:\/\/swacetconstruction.com\/wp-content\/uploads\/2022\/03\/rge-3.webp\" alt=\"\" class=\"wp-image-1055\" width=\"125\" height=\"63\"\/><\/figure>\n<\/div>\n<\/div><\/div>\n<\/div>\n\n\n<a class=\"gb-button gb-button-fb1e3db2 gb-button-text\" href=\"\/it\/contact\">Ottenere un preventivo<\/a>\n\n<\/div><\/div>\n<\/div>\n<\/div>\n<\/section>\n\n<div class=\"gb-container gb-container-754c1d50\">\n<section class=\"gb-container gb-container-bd22c1e3\">\n<div class=\"gb-grid-wrapper gb-grid-wrapper-23027a2e\">\n<div class=\"gb-grid-column gb-grid-column-8cc7d089\"><div class=\"gb-container gb-container-8cc7d089\">\n\n<h2 class=\"gb-headline gb-headline-bb09df4a gb-headline-text\">01<\/h2>\n\n\n\n<h3 class=\"gb-headline gb-headline-4a9b77ad gb-headline-text\">Senza indugio<\/h3>\n\n\n\n<p class=\"gb-headline gb-headline-ec7cdd70 gb-headline-text\">Consegna puntuale grazie a una gestione rigorosa ed efficiente: la nostra impresa edile di alta gamma mantiene le promesse.<\/p>\n\n<\/div><\/div>\n\n<div class=\"gb-grid-column gb-grid-column-8207e619\"><div class=\"gb-container gb-container-8207e619\">\n\n<h2 class=\"gb-headline gb-headline-d0a44ab4 gb-headline-text\">02<\/h2>\n\n\n\n<h3 class=\"gb-headline gb-headline-6f44b5b1 gb-headline-text\">Miglior prezzo<\/h3>\n\n\n\n<p class=\"gb-headline gb-headline-24dbd3aa gb-headline-text\">Massima qualit\u00e0 a prezzi imbattibili. La nostra impresa di costruzioni vi offre il miglior rapporto qualit\u00e0-prezzo sul mercato.<\/p>\n\n<\/div><\/div>\n\n<div class=\"gb-grid-column gb-grid-column-59a9bd12\"><div class=\"gb-container gb-container-59a9bd12\">\n\n<h2 class=\"gb-headline gb-headline-e949e27b gb-headline-text\">03<\/h2>\n\n\n\n<h3 class=\"gb-headline gb-headline-0bf170c3 gb-headline-text\">Garanzia di 10 anni<\/h3>\n\n\n\n<p class=\"gb-headline gb-headline-e5f98ed8 gb-headline-text\">La nostra impresa di costruzioni su misura vi offre una qualit\u00e0 ineguagliabile e la tranquillit\u00e0 di una garanzia di 10 anni.<\/p>\n\n<\/div><\/div>\n<\/div>\n<\/section>\n<\/div>\n\n<section class=\"gb-container gb-container-014a9e04\">\n<div class=\"gb-container gb-container-07d8f853\">\n<div class=\"gb-container gb-container-f35428a6\">\n\n<p class=\"gb-headline gb-headline-64fec5dc gb-headline-text\">Casa di design, urbano, ultramoderno<\/p>\n\n\n\n<p class=\"gb-headline gb-headline-8f6f0df5 gb-headline-text\">Sognate una casa che unisca eleganza e personalizzazione? Una casa unica che rispecchi fedelmente chi siete?<\/p>\n\n\n\n<p class=\"gb-headline gb-headline-1ba33ee6 gb-headline-text\">Con SWAC &amp; Construction potete dare libero sfogo a tutte le vostre aspirazioni di progettazione residenziale.<\/p>\n\n\n\n<p class=\"gb-headline gb-headline-9e438ad7 gb-headline-text\">La nostra esperienza ci permette di creare case caratterizzate da un&#8217;architettura sofisticata, contrasti accuratamente studiati, tetti piatti, ampie finestre a golfo per inondare le stanze di luce naturale e falegnameria XXL per una sensazione di spazio. Inoltre, possiamo personalizzare ogni progetto in base allo stile che preferite, sia esso rustico, industriale o altro.<\/p>\n\n\n\n<p class=\"gb-headline gb-headline-342fbd82 gb-headline-text\">Con attrezzature all&#8217;avanguardia e sistemi di domotica per migliorare il vostro comfort e la vostra sicurezza, creiamo la vostra villa su misura, luminosa e ultramoderna, che rifletter\u00e0 la vostra personalit\u00e0 e il vostro stile di vita. Sognate in grande e lasciate che noi trasformiamo i vostri sogni in realt\u00e0.<\/p>\n\n<\/div>\n\n<div class=\"gb-container gb-container-f9a8a9e4\"><\/div>\n<\/div>\n<\/section>\n\n<section class=\"gb-container gb-container-4245442c\">\n<div class=\"gb-container gb-container-5f955a24\">\n<div class=\"gb-grid-wrapper gb-grid-wrapper-aecd1064\">\n<div class=\"gb-grid-column gb-grid-column-448f0235\"><div class=\"gb-container gb-container-448f0235\">\n\n<p class=\"gb-headline gb-headline-25da2c06 gb-headline-text\">Voi pensate, <strong>noi concepiamo<\/strong><\/p>\n\n<\/div><\/div>\n\n<div class=\"gb-grid-column gb-grid-column-2f57107c\"><div class=\"gb-container gb-container-2f57107c\">\n\n<a class=\"gb-button gb-button-3317853c gb-button-text\" href=\"\/it\/contact\">Diteci cosa volete e noi lo realizzeremo!<\/a>\n\n<\/div><\/div>\n<\/div>\n<\/div>\n<\/section>\n\n<section class=\"gb-container gb-container-b3f54aaa\">\n<div class=\"gb-container gb-container-042e5355\">\n<div class=\"gb-container gb-container-26a4bb81\">\n\n<p class=\"gb-headline gb-headline-b751a60e gb-headline-text\">Materiali e decorazioni in linea con la vostra immagine<\/p>\n\n\n\n<p class=\"gb-headline gb-headline-a0f97d3e gb-headline-text\">Una volta completate le strutture e le pareti della vostra casa, il nostro ruolo di partner edilizio non si ferma qui. Possiamo anche aiutarvi nella scelta dei materiali, offrendovi<\/p>\n\n\n\n<p class=\"gb-headline gb-headline-b165e001 gb-headline-text\">un&#8217;ampia gamma di opzioni per personalizzare la casa in base ai propri gusti e preferenze.<\/p>\n\n\n\n<p class=\"gb-headline gb-headline-c985d1b3 gb-headline-text\">Du choix des carrelages et des peintures \u00e0 l&#8217;\u00e9quipement \u00e9lectrique et de plomberie, en passant par les am\u00e9nagements int\u00e9rieurs et ext\u00e9rieurs, nous sommes \u00e0 votre disposition pour vous aider \u00e0 faire les meilleurs choix. Notre objectif est de vous offrir une maison pr\u00eate \u00e0 habiter, qui ne sera pas seulement fonctionnelle et confortable, mais aussi esth\u00e9tiquement \u00e0 votre image.<\/p>\n\n\n\n<p class=\"gb-headline gb-headline-83717d52 gb-headline-text\">Consigliandovi sul vostro futuro arredamento, ci assicuriamo che ogni aspetto della vostra casa rifletta il vostro stile e soddisfi le vostre esigenze. Affidatevi a SWAC &amp; Construction per realizzare il sogno di una casa elegante e personalizzata.<\/p>\n\n\n\n<figure class=\"gb-block-image gb-block-image-421bb118\"><img loading=\"lazy\" decoding=\"async\" width=\"1141\" height=\"294\" class=\"gb-image gb-image-421bb118\" src=\"https:\/\/swacetconstruction.com\/wp-content\/uploads\/2023\/05\/photo-18.webp\" alt=\"\" srcset=\"https:\/\/swacetconstruction.com\/wp-content\/uploads\/2023\/05\/photo-18.webp 1141w, https:\/\/swacetconstruction.com\/wp-content\/uploads\/2023\/05\/photo-18-300x77.webp 300w, https:\/\/swacetconstruction.com\/wp-content\/uploads\/2023\/05\/photo-18-1024x264.webp 1024w, https:\/\/swacetconstruction.com\/wp-content\/uploads\/2023\/05\/photo-18-768x198.webp 768w\" sizes=\"auto, (max-width: 1141px) 100vw, 1141px\" \/><\/figure>\n\n<\/div>\n<\/div>\n<\/section>\n\n<section class=\"gb-container gb-container-f9a1c204\">\n<div class=\"gb-container gb-container-b4fc9261\">\n<div class=\"gb-grid-wrapper gb-grid-wrapper-3864070c\">\n<div class=\"gb-grid-column gb-grid-column-3e711875\"><div class=\"gb-container gb-container-3e711875\">\n\n<button class=\"gb-button gb-button-1d283fd5 gb-button-text pointer open1\">Studio di fattibilit\u00e0<\/button>\n\n\n\n<button class=\"gb-button gb-button-36e50419 gb-button-text pointer open2\">Progettazione<\/button>\n\n\n\n<button class=\"gb-button gb-button-c6224f4f gb-button-text pointer open3\">Lavori strutturali<\/button>\n\n\n\n<button class=\"gb-button gb-button-4d827596 gb-button-text pointer open4\">Finiture<\/button>\n\n\n\n<button class=\"gb-button gb-button-16595fb6 gb-button-text pointer open5\">Consegna del sito<\/button>\n\n<\/div><\/div>\n\n<div class=\"gb-grid-column gb-grid-column-0a41e784\"><div class=\"gb-container gb-container-0a41e784\">\n<div class=\"gb-container gb-container-7f87d1c1 open-tabs tab1\">\n\n<figure class=\"gb-block-image gb-block-image-222ba23b\"><img loading=\"lazy\" decoding=\"async\" width=\"603\" height=\"253\" class=\"gb-image gb-image-222ba23b\" src=\"https:\/\/swacetconstruction.com\/wp-content\/uploads\/2023\/05\/photo-20.webp\" alt=\"\" srcset=\"https:\/\/swacetconstruction.com\/wp-content\/uploads\/2023\/05\/photo-20.webp 603w, https:\/\/swacetconstruction.com\/wp-content\/uploads\/2023\/05\/photo-20-300x126.webp 300w\" sizes=\"auto, (max-width: 603px) 100vw, 603px\" \/><\/figure>\n\n\n\n<p class=\"gb-headline gb-headline-e86f92fd gb-headline-text\">Teniamo conto di tutti i criteri tecnici e finanziari del vostro progetto per garantirne il successo.<\/p>\n\n<\/div>\n\n<div class=\"gb-container gb-container-8f1197e5 open-tabs tab2\">\n\n<figure class=\"gb-block-image gb-block-image-8340c589\"><img loading=\"lazy\" decoding=\"async\" width=\"603\" height=\"253\" class=\"gb-image gb-image-8340c589\" src=\"https:\/\/swacetconstruction.com\/wp-content\/uploads\/2023\/05\/photo-19.webp\" alt=\"\" srcset=\"https:\/\/swacetconstruction.com\/wp-content\/uploads\/2023\/05\/photo-19.webp 603w, https:\/\/swacetconstruction.com\/wp-content\/uploads\/2023\/05\/photo-19-300x126.webp 300w\" sizes=\"auto, (max-width: 603px) 100vw, 603px\" \/><\/figure>\n\n\n\n<p class=\"gb-headline gb-headline-30406f9b gb-headline-text\">Dall&#8217;idea alla progettazione, il nostro team ascolter\u00e0 i vostri desideri e le vostre esigenze e disegner\u00e0 la vostra casa su un piano 3D.<\/p>\n\n<\/div>\n\n<div class=\"gb-container gb-container-65926a55 open-tabs tab3\">\n\n<figure class=\"gb-block-image gb-block-image-77d82870\"><img loading=\"lazy\" decoding=\"async\" width=\"603\" height=\"253\" class=\"gb-image gb-image-77d82870\" src=\"https:\/\/swacetconstruction.com\/wp-content\/uploads\/2023\/05\/photo-21.webp\" alt=\"\" srcset=\"https:\/\/swacetconstruction.com\/wp-content\/uploads\/2023\/05\/photo-21.webp 603w, https:\/\/swacetconstruction.com\/wp-content\/uploads\/2023\/05\/photo-21-300x126.webp 300w\" sizes=\"auto, (max-width: 603px) 100vw, 603px\" \/><\/figure>\n\n\n\n<p class=\"gb-headline gb-headline-03e6b131 gb-headline-text\">La nostra azienda \u00e8 in grado di eseguire tutti i lavori edili necessari per completare la vostra futura casa.<\/p>\n\n<\/div>\n\n<div class=\"gb-container gb-container-58983755 open-tabs tab4\">\n\n<figure class=\"gb-block-image gb-block-image-44833cf6\"><img loading=\"lazy\" decoding=\"async\" width=\"603\" height=\"253\" class=\"gb-image gb-image-44833cf6\" src=\"https:\/\/swacetconstruction.com\/wp-content\/uploads\/2023\/05\/photo-23.webp\" alt=\"\" srcset=\"https:\/\/swacetconstruction.com\/wp-content\/uploads\/2023\/05\/photo-23.webp 603w, https:\/\/swacetconstruction.com\/wp-content\/uploads\/2023\/05\/photo-23-300x126.webp 300w\" sizes=\"auto, (max-width: 603px) 100vw, 603px\" \/><\/figure>\n\n\n\n<p class=\"gb-headline gb-headline-f55a8c30 gb-headline-text\">Vi offriamo un&#8217;ampia scelta di materiali e finiture per personalizzare la vostra casa fin nei minimi dettagli.<\/p>\n\n<\/div>\n\n<div class=\"gb-container gb-container-0b41983e open-tabs tab5\">\n\n<figure class=\"gb-block-image gb-block-image-480f6670\"><img loading=\"lazy\" decoding=\"async\" width=\"603\" height=\"253\" class=\"gb-image gb-image-480f6670\" src=\"https:\/\/swacetconstruction.com\/wp-content\/uploads\/2023\/05\/photo-24.webp\" alt=\"\" srcset=\"https:\/\/swacetconstruction.com\/wp-content\/uploads\/2023\/05\/photo-24.webp 603w, https:\/\/swacetconstruction.com\/wp-content\/uploads\/2023\/05\/photo-24-300x126.webp 300w\" sizes=\"auto, (max-width: 603px) 100vw, 603px\" \/><\/figure>\n\n\n\n<p class=\"gb-headline gb-headline-dbb0a371 gb-headline-text\">Come passo simbolico, ci assicuriamo che la consegna delle chiavi avvenga nel modo corretto: controllando che i lavori siano stati eseguiti e che il cantiere sia conforme alle normative, occupandoci delle formalit\u00e0 amministrative, ecc.<\/p>\n\n<\/div>\n<\/div><\/div>\n<\/div>\n<\/div>\n<\/section>","protected":false},"excerpt":{"rendered":"<p>Casa di design, urbano, ultramoderno Sognate una casa che unisca eleganza e personalizzazione? Una casa unica che rispecchi fedelmente chi siete? Con SWAC &amp; Construction &#8230; <a title=\"Costruire una casa di alta gamma\" class=\"read-more\" href=\"https:\/\/swacetconstruction.com\/it\/costruire-una-casa-di-alta-gamma\/\" aria-label=\"Per saperne di pi\u00f9 su Costruire una casa di alta gamma\">Leggi tutto<\/a><\/p>\n","protected":false},"author":1,"featured_media":5426,"parent":0,"menu_order":0,"comment_status":"closed","ping_status":"closed","template":"","meta":{"footnotes":""},"class_list":["post-2637","page","type-page","status-publish","has-post-thumbnail"],"yoast_head":"<!-- This site is optimized with the Yoast SEO plugin v23.1 - https:\/\/yoast.com\/wordpress\/plugins\/seo\/ -->\n<title>Costruire una casa di alta gamma - Construction de maisons personnalis\u00e9es en Paca<\/title>\n<meta name=\"robots\" content=\"index, follow, max-snippet:-1, max-image-preview:large, max-video-preview:-1\" \/>\n<link rel=\"canonical\" href=\"https:\/\/swacetconstruction.com\/construction-maison\/\" \/>\n<meta property=\"og:locale\" content=\"it_IT\" \/>\n<meta property=\"og:type\" content=\"article\" \/>\n<meta property=\"og:title\" content=\"Costruire una casa di alta gamma - Construction de maisons personnalis\u00e9es en Paca\" \/>\n<meta property=\"og:description\" content=\"Casa di design, urbano, ultramoderno Sognate una casa che unisca eleganza e personalizzazione? Una casa unica che rispecchi fedelmente chi siete? Con SWAC &amp; Construction ... Leggi tutto\" \/>\n<meta property=\"og:url\" content=\"https:\/\/swacetconstruction.com\/construction-maison\/\" \/>\n<meta property=\"og:site_name\" content=\"Construction de maisons personnalis\u00e9es en Paca\" \/>\n<meta property=\"article:modified_time\" content=\"2023-06-02T14:41:36+00:00\" \/>\n<meta property=\"og:image\" content=\"https:\/\/swacetconstruction.com\/wp-content\/uploads\/2023\/05\/decennale.webp\" \/>\n<meta name=\"twitter:card\" content=\"summary_large_image\" \/>\n<meta name=\"twitter:label1\" content=\"Tempo di lettura stimato\" \/>\n\t<meta name=\"twitter:data1\" content=\"3 minuti\" \/>\n<script type=\"application\/ld+json\" class=\"yoast-schema-graph\">{\"@context\":\"https:\/\/schema.org\",\"@graph\":[{\"@type\":\"WebPage\",\"@id\":\"https:\/\/swacetconstruction.com\/construction-maison\/\",\"url\":\"https:\/\/swacetconstruction.com\/construction-maison\/\",\"name\":\"Costruire una casa di alta gamma - Construction de maisons personnalis\u00e9es en Paca\",\"isPartOf\":{\"@id\":\"https:\/\/swacetconstruction.com\/#website\"},\"primaryImageOfPage\":{\"@id\":\"https:\/\/swacetconstruction.com\/construction-maison\/#primaryimage\"},\"image\":{\"@id\":\"https:\/\/swacetconstruction.com\/construction-maison\/#primaryimage\"},\"thumbnailUrl\":\"https:\/\/swacetconstruction.com\/wp-content\/uploads\/2025\/11\/5_1_11zon.webp\",\"datePublished\":\"2023-05-25T08:30:06+00:00\",\"dateModified\":\"2023-06-02T14:41:36+00:00\",\"breadcrumb\":{\"@id\":\"https:\/\/swacetconstruction.com\/construction-maison\/#breadcrumb\"},\"inLanguage\":\"it-IT\",\"potentialAction\":[{\"@type\":\"ReadAction\",\"target\":[\"https:\/\/swacetconstruction.com\/construction-maison\/\"]}]},{\"@type\":\"ImageObject\",\"inLanguage\":\"it-IT\",\"@id\":\"https:\/\/swacetconstruction.com\/construction-maison\/#primaryimage\",\"url\":\"https:\/\/swacetconstruction.com\/wp-content\/uploads\/2025\/11\/5_1_11zon.webp\",\"contentUrl\":\"https:\/\/swacetconstruction.com\/wp-content\/uploads\/2025\/11\/5_1_11zon.webp\",\"width\":1024,\"height\":1024},{\"@type\":\"BreadcrumbList\",\"@id\":\"https:\/\/swacetconstruction.com\/construction-maison\/#breadcrumb\",\"itemListElement\":[{\"@type\":\"ListItem\",\"position\":1,\"name\":\"Accueil\",\"item\":\"https:\/\/swacetconstruction.com\/it\/\"},{\"@type\":\"ListItem\",\"position\":2,\"name\":\"Costruire una casa di alta gamma\"}]},{\"@type\":\"WebSite\",\"@id\":\"https:\/\/swacetconstruction.com\/#website\",\"url\":\"https:\/\/swacetconstruction.com\/\",\"name\":\"Construction de maisons personnalis\u00e9es en Paca\",\"description\":\"\",\"publisher\":{\"@id\":\"https:\/\/swacetconstruction.com\/#organization\"},\"potentialAction\":[{\"@type\":\"SearchAction\",\"target\":{\"@type\":\"EntryPoint\",\"urlTemplate\":\"https:\/\/swacetconstruction.com\/?s={search_term_string}\"},\"query-input\":\"required name=search_term_string\"}],\"inLanguage\":\"it-IT\"},{\"@type\":\"Organization\",\"@id\":\"https:\/\/swacetconstruction.com\/#organization\",\"name\":\"Construction de maisons personnalis\u00e9es en Paca\",\"url\":\"https:\/\/swacetconstruction.com\/\",\"logo\":{\"@type\":\"ImageObject\",\"inLanguage\":\"it-IT\",\"@id\":\"https:\/\/swacetconstruction.com\/#\/schema\/logo\/image\/\",\"url\":\"https:\/\/swacetconstruction.com\/wp-content\/uploads\/2023\/05\/swac-removebg-preview.png\",\"contentUrl\":\"https:\/\/swacetconstruction.com\/wp-content\/uploads\/2023\/05\/swac-removebg-preview.png\",\"width\":700,\"height\":316,\"caption\":\"Construction de maisons personnalis\u00e9es en Paca\"},\"image\":{\"@id\":\"https:\/\/swacetconstruction.com\/#\/schema\/logo\/image\/\"}}]}<\/script>\n<!-- \/ Yoast SEO plugin. -->","yoast_head_json":{"title":"Costruire una casa di alta gamma - Construction de maisons personnalis\u00e9es en Paca","robots":{"index":"index","follow":"follow","max-snippet":"max-snippet:-1","max-image-preview":"max-image-preview:large","max-video-preview":"max-video-preview:-1"},"canonical":"https:\/\/swacetconstruction.com\/construction-maison\/","og_locale":"it_IT","og_type":"article","og_title":"Costruire una casa di alta gamma - Construction de maisons personnalis\u00e9es en Paca","og_description":"Casa di design, urbano, ultramoderno Sognate una casa che unisca eleganza e personalizzazione? Una casa unica che rispecchi fedelmente chi siete? Con SWAC &amp; Construction ... Leggi tutto","og_url":"https:\/\/swacetconstruction.com\/construction-maison\/","og_site_name":"Construction de maisons personnalis\u00e9es en Paca","article_modified_time":"2023-06-02T14:41:36+00:00","og_image":[{"url":"https:\/\/swacetconstruction.com\/wp-content\/uploads\/2023\/05\/decennale.webp"}],"twitter_card":"summary_large_image","twitter_misc":{"Tempo di lettura stimato":"3 minuti"},"schema":{"@context":"https:\/\/schema.org","@graph":[{"@type":"WebPage","@id":"https:\/\/swacetconstruction.com\/construction-maison\/","url":"https:\/\/swacetconstruction.com\/construction-maison\/","name":"Costruire una casa di alta gamma - Construction de maisons personnalis\u00e9es en Paca","isPartOf":{"@id":"https:\/\/swacetconstruction.com\/#website"},"primaryImageOfPage":{"@id":"https:\/\/swacetconstruction.com\/construction-maison\/#primaryimage"},"image":{"@id":"https:\/\/swacetconstruction.com\/construction-maison\/#primaryimage"},"thumbnailUrl":"https:\/\/swacetconstruction.com\/wp-content\/uploads\/2025\/11\/5_1_11zon.webp","datePublished":"2023-05-25T08:30:06+00:00","dateModified":"2023-06-02T14:41:36+00:00","breadcrumb":{"@id":"https:\/\/swacetconstruction.com\/construction-maison\/#breadcrumb"},"inLanguage":"it-IT","potentialAction":[{"@type":"ReadAction","target":["https:\/\/swacetconstruction.com\/construction-maison\/"]}]},{"@type":"ImageObject","inLanguage":"it-IT","@id":"https:\/\/swacetconstruction.com\/construction-maison\/#primaryimage","url":"https:\/\/swacetconstruction.com\/wp-content\/uploads\/2025\/11\/5_1_11zon.webp","contentUrl":"https:\/\/swacetconstruction.com\/wp-content\/uploads\/2025\/11\/5_1_11zon.webp","width":1024,"height":1024},{"@type":"BreadcrumbList","@id":"https:\/\/swacetconstruction.com\/construction-maison\/#breadcrumb","itemListElement":[{"@type":"ListItem","position":1,"name":"Accueil","item":"https:\/\/swacetconstruction.com\/it\/"},{"@type":"ListItem","position":2,"name":"Costruire una casa di alta gamma"}]},{"@type":"WebSite","@id":"https:\/\/swacetconstruction.com\/#website","url":"https:\/\/swacetconstruction.com\/","name":"Construction de maisons personnalis\u00e9es en Paca","description":"","publisher":{"@id":"https:\/\/swacetconstruction.com\/#organization"},"potentialAction":[{"@type":"SearchAction","target":{"@type":"EntryPoint","urlTemplate":"https:\/\/swacetconstruction.com\/?s={search_term_string}"},"query-input":"required name=search_term_string"}],"inLanguage":"it-IT"},{"@type":"Organization","@id":"https:\/\/swacetconstruction.com\/#organization","name":"Construction de maisons personnalis\u00e9es en Paca","url":"https:\/\/swacetconstruction.com\/","logo":{"@type":"ImageObject","inLanguage":"it-IT","@id":"https:\/\/swacetconstruction.com\/#\/schema\/logo\/image\/","url":"https:\/\/swacetconstruction.com\/wp-content\/uploads\/2023\/05\/swac-removebg-preview.png","contentUrl":"https:\/\/swacetconstruction.com\/wp-content\/uploads\/2023\/05\/swac-removebg-preview.png","width":700,"height":316,"caption":"Construction de maisons personnalis\u00e9es en Paca"},"image":{"@id":"https:\/\/swacetconstruction.com\/#\/schema\/logo\/image\/"}}]}},"_links":{"self":[{"href":"https:\/\/swacetconstruction.com\/it\/wp-json\/wp\/v2\/pages\/2637","targetHints":{"allow":["GET"]}}],"collection":[{"href":"https:\/\/swacetconstruction.com\/it\/wp-json\/wp\/v2\/pages"}],"about":[{"href":"https:\/\/swacetconstruction.com\/it\/wp-json\/wp\/v2\/types\/page"}],"author":[{"embeddable":true,"href":"https:\/\/swacetconstruction.com\/it\/wp-json\/wp\/v2\/users\/1"}],"replies":[{"embeddable":true,"href":"https:\/\/swacetconstruction.com\/it\/wp-json\/wp\/v2\/comments?post=2637"}],"version-history":[{"count":10,"href":"https:\/\/swacetconstruction.com\/it\/wp-json\/wp\/v2\/pages\/2637\/revisions"}],"predecessor-version":[{"id":3228,"href":"https:\/\/swacetconstruction.com\/it\/wp-json\/wp\/v2\/pages\/2637\/revisions\/3228"}],"wp:featuredmedia":[{"embeddable":true,"href":"https:\/\/swacetconstruction.com\/it\/wp-json\/wp\/v2\/media\/5426"}],"wp:attachment":[{"href":"https:\/\/swacetconstruction.com\/it\/wp-json\/wp\/v2\/media?parent=2637"}],"curies":[{"name":"wp","href":"https:\/\/api.w.org\/{rel}","templated":true}]}}