{"id":2252,"date":"2022-03-28T19:29:59","date_gmt":"2022-03-28T19:29:59","guid":{"rendered":"https:\/\/swacetconstruction.com\/contattateci-per-tutte-le-vostre-esigenze-di-costruzione-e-ristrutturazione\/"},"modified":"2023-06-06T12:56:31","modified_gmt":"2023-06-06T12:56:31","slug":"contact","status":"publish","type":"page","link":"https:\/\/swacetconstruction.com\/it\/contact\/","title":{"rendered":"Contattateci per tutte le vostre esigenze di costruzione e ristrutturazione"},"content":{"rendered":"<div class=\"gb-container gb-container-5f57f2a9\">\n\n<p class=\"gb-headline gb-headline-f40e8455 gb-headline-text\">\n            <div \n                class=\"elfsight-widget-form-builder elfsight-widget\" \n                data-elfsight-form-builder-options=\"%7B%22ei%22%3A%22%22%2C%22fields%22%3A%5B%7B%22type%22%3A%22text%22%2C%22placeholder%22%3A%22%22%2C%22description%22%3A%22%22%2C%22label%22%3A%22Cognome%22%2C%22required%22%3Atrue%2C%22columnWidth%22%3A50%2C%22id%22%3A%22%5Bcognome%5D%22%7D%2C%7B%22type%22%3A%22text%22%2C%22placeholder%22%3A%22%22%2C%22description%22%3A%22%22%2C%22label%22%3A%22Nome%22%2C%22required%22%3Atrue%2C%22columnWidth%22%3A50%2C%22id%22%3A%22%5Bnome%5D%22%7D%2C%7B%22type%22%3A%22email%22%2C%22label%22%3A%22Indirizzo%20E-mail%22%2C%22description%22%3A%22%22%2C%22placeholder%22%3A%22%22%2C%22required%22%3Atrue%2C%22columnWidth%22%3A50%2C%22id%22%3A%22%5Bindirizzo-e-mail%5D%22%7D%2C%7B%22type%22%3A%22phone%22%2C%22label%22%3A%22Numero%20di%20telefono%22%2C%22placeholder%22%3A%22%22%2C%22description%22%3A%22%22%2C%22required%22%3Atrue%2C%22columnWidth%22%3A50%2C%22id%22%3A%22%5Bnumero-di-telefono%5D%22%7D%2C%7B%22type%22%3A%22textarea%22%2C%22label%22%3A%22Messaggio%22%2C%22description%22%3A%22%22%2C%22placeholder%22%3A%22%22%2C%22required%22%3Afalse%2C%22columnWidth%22%3A100%2C%22id%22%3A%22%5Bmessaggio%5D%22%7D%2C%7B%22type%22%3A%22file%22%2C%22label%22%3A%22Allegato%22%2C%22description%22%3A%22%22%2C%22fileLinkCaption%22%3A%22Scegliere%20il%20file%22%2C%22fileDragCaption%22%3A%22o%20trascinare%20e%20rilasciare%20qui%22%2C%22fileAllowedAll%22%3Atrue%2C%22fileMax%22%3A25%2C%22required%22%3Afalse%2C%22fileAllowed%22%3A%5B%22.jpg%22%2C%22.jpeg%22%2C%22.png%22%2C%22.gif%22%2C%22.txt%22%2C%22.pdf%22%2C%22.doc%22%2C%22.docx%22%2C%22.pages%22%2C%22.numbers%22%2C%22.xls%22%2C%22.xlsx%22%2C%22.odt%22%2C%22.ppt%22%2C%22.pptx%22%2C%22.pps%22%2C%22.ppsx%22%2C%22.html%22%5D%7D%5D%2C%22headerActive%22%3Afalse%2C%22headerTitle%22%3A%22Get%20in%20Touch%22%2C%22headerText%22%3A%22Vous%20avez%20un%20projet%26nbsp%3B%3F%20Vous%20voulez%20le%20voir%20se%20concr%5Cu00e9tiser%26nbsp%3B%3F%20Notre%20entreprise%20SWAC%20%26amp%3B%20CONSTRUCTION%20met%20%5Cu00e0%20votre%20disposition%20tout%20son%26nbsp%3Bsavoir-faire%20dans%20le%20domaine%20de%20la%20construction%20et%20de%20la%20r%5Cu00e9novation%26nbsp%3Bpour%20penser%20ou%20repenser%20vos%20espaces.Quels%20que%20soient%20la%20taille%20de%20votre%20projet%2C%20vos%20envies%2C%20vos%20go%5Cu00fbts%20et%20votre%20budget%2C%20nous%20vous%20proposons%20des%26nbsp%3Bplans%20sur%20mesure%2C%20%5Cu00e9labor%5Cu00e9s%20par%20des%20professionnels%20%28bureau%20d%5Cu2019%5Cu00e9tudes%2C%20architectes%2C%20etc.%29.%20Toutes%20nos%20constructions%20sont%20r%5Cu00e9alis%5Cu00e9es%20avec%20des%26nbsp%3Bmat%5Cu00e9riaux%20de%20qualit%5Cu00e9%26nbsp%3Boffrant%20fiabilit%5Cu00e9%2C%20durabilit%5Cu00e9%20et%20performances%20%5Cu00e9nerg%5Cu00e9tiques%20conformes%20%5Cu00e0%20la%26nbsp%3Bnorme%20RT%202012.%22%2C%22headerPictureUrl%22%3A%22message%22%2C%22footerText%22%3A%22%22%2C%22actionAfterSubmit%22%3A%22redirect%22%2C%22successMessage%22%3A%22La%20sua%20richiesta%20%5Cu00e8%20stata%20inviata%21%20Vi%20risponderemo%20a%20breve.%22%2C%22successContinueText%22%3A%22Grazie%22%2C%22redirectUrl%22%3A%22https%3A%5C%2F%5C%2Fswacetconstruction.com%5C%2Fit%5C%2Fredirection%5C%2F%22%2C%22submitText%22%3A%22Inviare%22%2C%22stepsMessagesDivider%22%3Anull%2C%22stepsMessagesTitle%22%3Anull%2C%22stepsText%22%3A%22step%20%251%20of%20%252%22%2C%22stepBackText%22%3A%22Back%22%2C%22stepNextText%22%3A%22Next%22%2C%22errorMessageAllRequired%22%3A%22Compilare%20tutti%20i%20campi%20obbligatori%22%2C%22errorMessageAllIncorrect%22%3A%22Compilare%20correttamente%20tutti%20i%20campi%22%2C%22errorMessageSetMailTo%22%3A%22Definire%20l%27indirizzo%20di%20posta%20elettronica%20a%20cui%20inviare%20i%20messaggi%22%2C%22errorMessageRequiredCaptcha%22%3A%22Inserire%20il%20captcha%22%2C%22errorMessageFileSizeLimit%22%3A%22Superato%20il%20limite%20di%20dimensione%20del%20file%22%2C%22errorMessageFileNotAllowed%22%3A%22Estensione%20di%20file%20non%20autorizzata%22%2C%22errorMessageUnknown%22%3A%22Errore%20sconosciuto%22%2C%22errorMessageRequired%22%3A%22campi%20obbligatori%22%2C%22errorMessageInvalid%22%3A%22Disabili%22%2C%22errorMessageInvalidEmail%22%3A%22E-mail%20non%20valida%22%2C%22errorMessageInvalidPhone%22%3A%22Numero%20di%20telefono%20non%20valido%22%2C%22errorMessageInvalidUrl%22%3A%22URL%20non%20valido%22%2C%22calendarWeekdaysShorthand%22%3A%22Sun%5CnMon%5CnTue%5CnWed%5CnThu%5CnFri%5CnSat%22%2C%22calendarMonthsLonghand%22%3A%22January%5CnFebruary%5CnMarch%5CnApril%5CnMay%5CnJune%5CnJuly%5CnAugust%5CnSeptember%5CnOctober%5CnNovember%5CnDecember%22%2C%22showProgress%22%3Atrue%2C%22recaptchaType%22%3A%22checkbox%22%2C%22integrationsGoogleToken%22%3A%22%22%2C%22integrationsGoogleSheetId%22%3A%22%22%2C%22layout%22%3A%22default%22%2C%22floatingIcon%22%3A%22message%22%2C%22floatingText%22%3A%22%22%2C%22floatingPosition%22%3A%22right%22%2C%22width%22%3A%22580%22%2C%22style%22%3A%22flat-rounded%22%2C%22mainColor%22%3A%22rgb%28104%2C%20165%2C%20230%29%22%2C%22apiUrl%22%3A%22https%3A%5C%2F%5C%2Fswacetconstruction.com%5C%2Fit%5C%2Fwp-json%5C%2Felfsight-form-builder%5C%2Fapi%22%2C%22recaptchaKeyCheckbox%22%3A%226LfXGHgUAAAAAHNIE_EH7kEI1l4xvf_ynIlg5bfo%22%2C%22recaptchaKeyInvisible%22%3A%226Ld1CXgUAAAAAFTHmixC1Eo-NP7_3ddB1YOj9AfX%22%2C%22widgetId%22%3A%223%22%7D\" \n                data-elfsight-form-builder-version=\"1.5.1\"\n                data-elfsight-widget-id=\"elfsight-form-builder-3\">\n            <\/div>\n            <\/p>\n\n<\/div>\n\n<div class=\"gb-container gb-container-89fa6201\">\n<div class=\"gb-container gb-container-e87e2a02\">\n\n<p class=\"gb-headline gb-headline-562401a6 gb-headline-text\">Avete un sogno architettonico che vorreste vedere realizzato ?<\/p>\n\n\n\n<p class=\"gb-headline gb-headline-fe922048 gb-headline-text\">La nostra azienda, SWAC &amp; CONSTRUCTION, \u00e8 al vostro servizio per trasformare le vostre visioni in realt\u00e0 tangibili. Grazie alla nostra esperienza nel campo delle costruzioni e delle ristrutturazioni, siamo in grado di progettare e ristrutturare i vostri spazi abitativi secondo le vostre esatte indicazioni.<\/p>\n\n\n\n<p class=\"gb-headline gb-headline-dbe2dea9 gb-headline-text\">Qualunque sia la dimensione del vostro progetto, le vostre preferenze estetiche, i vostri desideri particolari e il vostro budget, ci impegniamo a fornirvi piani personalizzati. Questi progetti sono elaborati da un team di professionisti esperti, tra cui uno studio di progettazione, architetti e altri.<\/p>\n\n\n\n<p class=\"gb-headline gb-headline-5b76af6f gb-headline-text\">Ci impegniamo a garantire la qualit\u00e0, la durata e l&#8217;affidabilit\u00e0 di tutti i nostri edifici. A tal fine, utilizziamo materiali di alta qualit\u00e0 che non solo assicurano prestazioni energetiche ottimali, ma sono anche conformi alla norma RT 2012. Con SWAC &amp; CONSTRUCTION il vostro progetto \u00e8 in mani sicure.<\/p>\n\n<\/div>\n<\/div>\n\n<div class=\"gb-container gb-container-b04e8012\">\n\n<p class=\"gb-headline gb-headline-ddcc18d8 gb-headline-text\"><strong>I nostri contatti<\/strong><\/p>\n\n\n<div class=\"gb-container gb-container-1d642ed3\">\n<div class=\"gb-container gb-container-6ffcb91c\">\n\n<h2 class=\"gb-headline gb-headline-1e6db73a gb-headline-text\">Numero di telefono :<\/h2>\n\n\n\n<p class=\"gb-headline gb-headline-76393788\"><span class=\"gb-icon\"><svg xmlns=\"http:\/\/www.w3.org\/2000\/svg\" fill=\"#ffffff\" viewBox=\"0 0 32 32\" version=\"1.1\" stroke=\"#ffffff\"><g id=\"SVGRepo_bgCarrier\" stroke-width=\"0\"><\/g><g id=\"SVGRepo_tracerCarrier\" stroke-linecap=\"round\" stroke-linejoin=\"round\"><\/g><g id=\"SVGRepo_iconCarrier\"> <title>telefono<\/title> <path d=\"M0 10.375c0 0.938 0.344 1.969 0.781 3.063s1 2.125 1.438 2.906c1.188 2.063 2.719 4.094 4.469 5.781s3.813 3.094 6.125 3.938c1.344 0.531 2.688 1.125 4.188 1.125 0.75 0 1.813-0.281 2.781-0.688 0.938-0.406 1.781-1.031 2.094-1.781 0.125-0.281 0.281-0.656 0.375-1.094 0.094-0.406 0.156-0.813 0.156-1.094 0-0.156 0-0.313-0.031-0.344-0.094-0.188-0.313-0.344-0.563-0.5-0.563-0.281-0.656-0.375-1.5-0.875-0.875-0.5-1.781-1.063-2.563-1.469-0.375-0.219-0.625-0.313-0.719-0.313-0.5 0-1.125 0.688-1.656 1.438-0.563 0.75-1.188 1.438-1.625 1.438-0.219 0-0.438-0.094-0.688-0.25s-0.5-0.281-0.656-0.375c-2.75-1.563-4.594-3.406-6.156-6.125-0.188-0.313-0.625-0.969-0.625-1.313 0-0.406 0.563-0.875 1.125-1.375 0.531-0.469 1.094-1.031 1.094-1.719 0-0.094-0.063-0.375-0.188-0.781-0.281-0.813-0.656-1.75-0.969-2.656-0.156-0.438-0.281-0.75-0.313-0.906-0.063-0.094-0.094-0.219-0.125-0.375s-0.094-0.281-0.125-0.406c-0.094-0.281-0.25-0.5-0.406-0.625-0.156-0.063-0.531-0.156-0.906-0.188-0.375 0-0.813-0.031-1-0.031-0.094 0-0.219 0-0.344 0.031h-0.406c-1 0.438-1.719 1.313-2.25 2.344-0.5 1.031-0.813 2.188-0.813 3.219z\"><\/path> <\/g><\/svg><\/span><span class=\"gb-headline-text\"><strong><a href=\"tel:+33442843379\">04 42 84 33 79<\/a> <\/strong><\/span><\/p>\n\n<\/div>\n\n<div class=\"gb-container gb-container-968b32f8\">\n\n<h2 class=\"gb-headline gb-headline-fbbb6219 gb-headline-text\">Indirizzo:<\/h2>\n\n\n\n<p class=\"gb-headline gb-headline-3cd6b7d6\"><span class=\"gb-icon\"><svg xmlns=\"http:\/\/www.w3.org\/2000\/svg\" aria-hidden=\"true\" role=\"img\" height=\"1em\" width=\"1em\" viewBox=\"0 0 384 512\"><path fill=\"currentColor\" d=\"M172.268 501.67C26.97 291.031 0 269.413 0 192 0 85.961 85.961 0 192 0s192 85.961 192 192c0 77.413-26.97 99.031-172.268 309.67-9.535 13.774-29.93 13.773-39.464 0zM192 272c44.183 0 80-35.817 80-80s-35.817-80-80-80-80 35.817-80 80 35.817 80 80 80z\"><\/path><\/svg><\/span><span class=\"gb-headline-text\"><strong>6 via Pierre Imbert 13260 Cassis<\/strong><\/span><\/p>\n\n<\/div>\n\n<div class=\"gb-container gb-container-0c72dc74\">\n\n<h2 class=\"gb-headline gb-headline-1acc1518 gb-headline-text\">E-mail :<\/h2>\n\n\n\n<p class=\"gb-headline gb-headline-8854e186\"><span class=\"gb-icon\"><svg xmlns=\"http:\/\/www.w3.org\/2000\/svg\" aria-hidden=\"true\" role=\"img\" height=\"1em\" width=\"1em\" viewBox=\"0 0 512 512\"><path fill=\"currentColor\" d=\"M464 64H48C21.49 64 0 85.49 0 112v288c0 26.51 21.49 48 48 48h416c26.51 0 48-21.49 48-48V112c0-26.51-21.49-48-48-48zm0 48v40.805c-22.422 18.259-58.168 46.651-134.587 106.49-16.841 13.247-50.201 45.072-73.413 44.701-23.208.375-56.579-31.459-73.413-44.701C106.18 199.465 70.425 171.067 48 152.805V112h416zM48 400V214.398c22.914 18.251 55.409 43.862 104.938 82.646 21.857 17.205 60.134 55.186 103.062 54.955 42.717.231 80.509-37.199 103.053-54.947 49.528-38.783 82.032-64.401 104.947-82.653V400H48z\"><\/path><\/svg><\/span><span class=\"gb-headline-text\"><a href=\"mailto:contact@swacetconstruction.com\"><strong>contact@swacetconstruction.com<\/strong><\/a><\/span><\/p>\n\n<\/div>\n<\/div>\n<\/div>","protected":false},"excerpt":{"rendered":"<p>Avete un sogno architettonico che vorreste vedere realizzato ? La nostra azienda, SWAC &amp; CONSTRUCTION, \u00e8 al vostro servizio per trasformare le vostre visioni in &#8230; <a title=\"Contattateci per tutte le vostre esigenze di costruzione e ristrutturazione\" class=\"read-more\" href=\"https:\/\/swacetconstruction.com\/it\/contact\/\" aria-label=\"Per saperne di pi\u00f9 su Contattateci per tutte le vostre esigenze di costruzione e ristrutturazione\">Leggi tutto<\/a><\/p>\n","protected":false},"author":1,"featured_media":0,"parent":0,"menu_order":0,"comment_status":"closed","ping_status":"closed","template":"","meta":{"footnotes":""},"class_list":["post-2252","page","type-page","status-publish"],"yoast_head":"<!-- This site is optimized with the Yoast SEO plugin v23.1 - https:\/\/yoast.com\/wordpress\/plugins\/seo\/ -->\n<title>Contattateci per tutte le vostre esigenze di costruzione e ristrutturazione - Construction de maisons personnalis\u00e9es en Paca<\/title>\n<meta name=\"robots\" content=\"index, follow, max-snippet:-1, max-image-preview:large, max-video-preview:-1\" \/>\n<link rel=\"canonical\" href=\"https:\/\/swacetconstruction.com\/contact\/\" \/>\n<meta property=\"og:locale\" content=\"it_IT\" \/>\n<meta property=\"og:type\" content=\"article\" \/>\n<meta property=\"og:title\" content=\"Contattateci per tutte le vostre esigenze di costruzione e ristrutturazione - Construction de maisons personnalis\u00e9es en Paca\" \/>\n<meta property=\"og:description\" content=\"Avete un sogno architettonico che vorreste vedere realizzato ? La nostra azienda, SWAC &amp; CONSTRUCTION, \u00e8 al vostro servizio per trasformare le vostre visioni in ... Leggi tutto\" \/>\n<meta property=\"og:url\" content=\"https:\/\/swacetconstruction.com\/contact\/\" \/>\n<meta property=\"og:site_name\" content=\"Construction de maisons personnalis\u00e9es en Paca\" \/>\n<meta property=\"article:modified_time\" content=\"2023-06-06T12:56:31+00:00\" \/>\n<meta name=\"twitter:card\" content=\"summary_large_image\" \/>\n<meta name=\"twitter:label1\" content=\"Tempo di lettura stimato\" \/>\n\t<meta name=\"twitter:data1\" content=\"1 minuto\" \/>\n<script type=\"application\/ld+json\" class=\"yoast-schema-graph\">{\"@context\":\"https:\/\/schema.org\",\"@graph\":[{\"@type\":\"WebPage\",\"@id\":\"https:\/\/swacetconstruction.com\/contact\/\",\"url\":\"https:\/\/swacetconstruction.com\/contact\/\",\"name\":\"Contattateci per tutte le vostre esigenze di costruzione e ristrutturazione - Construction de maisons personnalis\u00e9es en Paca\",\"isPartOf\":{\"@id\":\"https:\/\/swacetconstruction.com\/#website\"},\"datePublished\":\"2022-03-28T19:29:59+00:00\",\"dateModified\":\"2023-06-06T12:56:31+00:00\",\"breadcrumb\":{\"@id\":\"https:\/\/swacetconstruction.com\/contact\/#breadcrumb\"},\"inLanguage\":\"it-IT\",\"potentialAction\":[{\"@type\":\"ReadAction\",\"target\":[\"https:\/\/swacetconstruction.com\/contact\/\"]}]},{\"@type\":\"BreadcrumbList\",\"@id\":\"https:\/\/swacetconstruction.com\/contact\/#breadcrumb\",\"itemListElement\":[{\"@type\":\"ListItem\",\"position\":1,\"name\":\"Accueil\",\"item\":\"https:\/\/swacetconstruction.com\/it\/\"},{\"@type\":\"ListItem\",\"position\":2,\"name\":\"Contattateci per tutte le vostre esigenze di costruzione e ristrutturazione\"}]},{\"@type\":\"WebSite\",\"@id\":\"https:\/\/swacetconstruction.com\/#website\",\"url\":\"https:\/\/swacetconstruction.com\/\",\"name\":\"Construction de maisons personnalis\u00e9es en Paca\",\"description\":\"\",\"publisher\":{\"@id\":\"https:\/\/swacetconstruction.com\/#organization\"},\"potentialAction\":[{\"@type\":\"SearchAction\",\"target\":{\"@type\":\"EntryPoint\",\"urlTemplate\":\"https:\/\/swacetconstruction.com\/?s={search_term_string}\"},\"query-input\":\"required name=search_term_string\"}],\"inLanguage\":\"it-IT\"},{\"@type\":\"Organization\",\"@id\":\"https:\/\/swacetconstruction.com\/#organization\",\"name\":\"Construction de maisons personnalis\u00e9es en Paca\",\"url\":\"https:\/\/swacetconstruction.com\/\",\"logo\":{\"@type\":\"ImageObject\",\"inLanguage\":\"it-IT\",\"@id\":\"https:\/\/swacetconstruction.com\/#\/schema\/logo\/image\/\",\"url\":\"https:\/\/swacetconstruction.com\/wp-content\/uploads\/2023\/05\/swac-removebg-preview.png\",\"contentUrl\":\"https:\/\/swacetconstruction.com\/wp-content\/uploads\/2023\/05\/swac-removebg-preview.png\",\"width\":700,\"height\":316,\"caption\":\"Construction de maisons personnalis\u00e9es en Paca\"},\"image\":{\"@id\":\"https:\/\/swacetconstruction.com\/#\/schema\/logo\/image\/\"}}]}<\/script>\n<!-- \/ Yoast SEO plugin. -->","yoast_head_json":{"title":"Contattateci per tutte le vostre esigenze di costruzione e ristrutturazione - Construction de maisons personnalis\u00e9es en Paca","robots":{"index":"index","follow":"follow","max-snippet":"max-snippet:-1","max-image-preview":"max-image-preview:large","max-video-preview":"max-video-preview:-1"},"canonical":"https:\/\/swacetconstruction.com\/contact\/","og_locale":"it_IT","og_type":"article","og_title":"Contattateci per tutte le vostre esigenze di costruzione e ristrutturazione - Construction de maisons personnalis\u00e9es en Paca","og_description":"Avete un sogno architettonico che vorreste vedere realizzato ? La nostra azienda, SWAC &amp; CONSTRUCTION, \u00e8 al vostro servizio per trasformare le vostre visioni in ... Leggi tutto","og_url":"https:\/\/swacetconstruction.com\/contact\/","og_site_name":"Construction de maisons personnalis\u00e9es en Paca","article_modified_time":"2023-06-06T12:56:31+00:00","twitter_card":"summary_large_image","twitter_misc":{"Tempo di lettura stimato":"1 minuto"},"schema":{"@context":"https:\/\/schema.org","@graph":[{"@type":"WebPage","@id":"https:\/\/swacetconstruction.com\/contact\/","url":"https:\/\/swacetconstruction.com\/contact\/","name":"Contattateci per tutte le vostre esigenze di costruzione e ristrutturazione - Construction de maisons personnalis\u00e9es en Paca","isPartOf":{"@id":"https:\/\/swacetconstruction.com\/#website"},"datePublished":"2022-03-28T19:29:59+00:00","dateModified":"2023-06-06T12:56:31+00:00","breadcrumb":{"@id":"https:\/\/swacetconstruction.com\/contact\/#breadcrumb"},"inLanguage":"it-IT","potentialAction":[{"@type":"ReadAction","target":["https:\/\/swacetconstruction.com\/contact\/"]}]},{"@type":"BreadcrumbList","@id":"https:\/\/swacetconstruction.com\/contact\/#breadcrumb","itemListElement":[{"@type":"ListItem","position":1,"name":"Accueil","item":"https:\/\/swacetconstruction.com\/it\/"},{"@type":"ListItem","position":2,"name":"Contattateci per tutte le vostre esigenze di costruzione e ristrutturazione"}]},{"@type":"WebSite","@id":"https:\/\/swacetconstruction.com\/#website","url":"https:\/\/swacetconstruction.com\/","name":"Construction de maisons personnalis\u00e9es en Paca","description":"","publisher":{"@id":"https:\/\/swacetconstruction.com\/#organization"},"potentialAction":[{"@type":"SearchAction","target":{"@type":"EntryPoint","urlTemplate":"https:\/\/swacetconstruction.com\/?s={search_term_string}"},"query-input":"required name=search_term_string"}],"inLanguage":"it-IT"},{"@type":"Organization","@id":"https:\/\/swacetconstruction.com\/#organization","name":"Construction de maisons personnalis\u00e9es en Paca","url":"https:\/\/swacetconstruction.com\/","logo":{"@type":"ImageObject","inLanguage":"it-IT","@id":"https:\/\/swacetconstruction.com\/#\/schema\/logo\/image\/","url":"https:\/\/swacetconstruction.com\/wp-content\/uploads\/2023\/05\/swac-removebg-preview.png","contentUrl":"https:\/\/swacetconstruction.com\/wp-content\/uploads\/2023\/05\/swac-removebg-preview.png","width":700,"height":316,"caption":"Construction de maisons personnalis\u00e9es en Paca"},"image":{"@id":"https:\/\/swacetconstruction.com\/#\/schema\/logo\/image\/"}}]}},"_links":{"self":[{"href":"https:\/\/swacetconstruction.com\/it\/wp-json\/wp\/v2\/pages\/2252","targetHints":{"allow":["GET"]}}],"collection":[{"href":"https:\/\/swacetconstruction.com\/it\/wp-json\/wp\/v2\/pages"}],"about":[{"href":"https:\/\/swacetconstruction.com\/it\/wp-json\/wp\/v2\/types\/page"}],"author":[{"embeddable":true,"href":"https:\/\/swacetconstruction.com\/it\/wp-json\/wp\/v2\/users\/1"}],"replies":[{"embeddable":true,"href":"https:\/\/swacetconstruction.com\/it\/wp-json\/wp\/v2\/comments?post=2252"}],"version-history":[{"count":11,"href":"https:\/\/swacetconstruction.com\/it\/wp-json\/wp\/v2\/pages\/2252\/revisions"}],"predecessor-version":[{"id":3335,"href":"https:\/\/swacetconstruction.com\/it\/wp-json\/wp\/v2\/pages\/2252\/revisions\/3335"}],"wp:attachment":[{"href":"https:\/\/swacetconstruction.com\/it\/wp-json\/wp\/v2\/media?parent=2252"}],"curies":[{"name":"wp","href":"https:\/\/api.w.org\/{rel}","templated":true}]}}