{"id":2672,"date":"2023-05-25T13:28:00","date_gmt":"2023-05-25T13:28:00","guid":{"rendered":"https:\/\/swacetconstruction.com\/construir-una-piscina-de-hormigon\/"},"modified":"2023-06-06T01:12:37","modified_gmt":"2023-06-06T01:12:37","slug":"construccion-de-piscinas","status":"publish","type":"page","link":"https:\/\/swacetconstruction.com\/es\/construccion-de-piscinas\/","title":{"rendered":"Construir una piscina de hormig\u00f3n"},"content":{"rendered":"<section class=\"gb-container gb-container-53ff3c59\">\n<div class=\"gb-container gb-container-6fdb1a46\">\n<div class=\"gb-grid-wrapper gb-grid-wrapper-a9c1f250\">\n<div class=\"gb-grid-column gb-grid-column-bc83b943\"><div class=\"gb-container gb-container-bc83b943 glass\">\n\n<h1 class=\"gb-headline gb-headline-f432a4ae gb-headline-text\">Construir una piscina de hormig\u00f3n<\/h1>\n\n\n\n<p class=\"gb-headline gb-headline-0a639fd9 gb-headline-text\">Escuchamos sus deseos y trabajamos con usted para dise\u00f1ar su futura piscina, ofreci\u00e9ndole una amplia gama de opciones de personalizaci\u00f3n.<\/p>\n\n\n\n<p class=\"gb-headline gb-headline-10a1a5b3 gb-headline-text\">Exigentes en cuanto a la calidad de nuestros materiales, le ofrecemos piscinas de calidad, duraderas y con la garant\u00eda de que le acompa\u00f1ar\u00e1n durante mucho tiempo&nbsp;!<\/p>\n\n\n\n<p class=\"gb-headline gb-headline-030db3a4 gb-headline-text\">&nbsp;\u00bfTiene un proyecto? Estaremos encantados de realizar un estudio detallado y ofrecerle asesoramiento personalizado. Imaginaremos y dise\u00f1aremos la piscina de sus sue\u00f1os, dentro de su presupuesto.<\/p>\n\n\n<div class=\"gb-grid-wrapper gb-grid-wrapper-9edadf06\">\n<div class=\"gb-grid-column gb-grid-column-592fc72e\"><div class=\"gb-container gb-container-592fc72e\">\n<div class=\"wp-block-image\">\n<figure class=\"aligncenter size-full is-resized\"><img decoding=\"async\" src=\"https:\/\/swacetconstruction.com\/wp-content\/uploads\/2023\/05\/decennale.webp\" alt=\"\" class=\"wp-image-2310\" width=\"125\"\/><\/figure>\n<\/div>\n<\/div><\/div>\n\n<div class=\"gb-grid-column gb-grid-column-a3eaa626\"><div class=\"gb-container gb-container-a3eaa626\">\n<div class=\"wp-block-image\">\n<figure class=\"aligncenter size-full is-resized\"><img decoding=\"async\" src=\"https:\/\/swacetconstruction.com\/wp-content\/uploads\/2022\/03\/SG_LOC_Header_Left_Logo.webp\" alt=\"\" class=\"wp-image-1057\" width=\"125\"\/><\/figure>\n<\/div>\n<\/div><\/div>\n\n<div class=\"gb-grid-column gb-grid-column-96613d48\"><div class=\"gb-container gb-container-96613d48\">\n<div class=\"wp-block-image\">\n<figure class=\"aligncenter size-full is-resized\"><img loading=\"lazy\" decoding=\"async\" src=\"https:\/\/swacetconstruction.com\/wp-content\/uploads\/2022\/03\/rge-3.webp\" alt=\"\" class=\"wp-image-1055\" width=\"125\" height=\"63\"\/><\/figure>\n<\/div>\n<\/div><\/div>\n<\/div>\n\n\n<a class=\"gb-button gb-button-fb1e3db2 gb-button-text\" href=\"\/es\/contact\">Obtener un presupuesto<\/a>\n\n<\/div><\/div>\n<\/div>\n<\/div>\n<\/section>\n\n<div class=\"gb-container gb-container-754c1d50\">\n<section class=\"gb-container gb-container-bd22c1e3\">\n<div class=\"gb-grid-wrapper gb-grid-wrapper-23027a2e\">\n<div class=\"gb-grid-column gb-grid-column-8cc7d089\"><div class=\"gb-container gb-container-8cc7d089\">\n\n<h2 class=\"gb-headline gb-headline-bb09df4a gb-headline-text\">01<\/h2>\n\n\n\n<h3 class=\"gb-headline gb-headline-4a9b77ad gb-headline-text\">Sin demora<\/h3>\n\n\n\n<p class=\"gb-headline gb-headline-ec7cdd70 gb-headline-text\">Entrega puntual gracias a una gesti\u00f3n rigurosa y eficaz: nuestra empresa de construcci\u00f3n de gama alta cumple sus promesas.<\/p>\n\n<\/div><\/div>\n\n<div class=\"gb-grid-column gb-grid-column-8207e619\"><div class=\"gb-container gb-container-8207e619\">\n\n<h2 class=\"gb-headline gb-headline-d0a44ab4 gb-headline-text\">02<\/h2>\n\n\n\n<h3 class=\"gb-headline gb-headline-6f44b5b1 gb-headline-text\">Mejor precio<\/h3>\n\n\n\n<p class=\"gb-headline gb-headline-24dbd3aa gb-headline-text\">M\u00e1xima calidad a precios imbatibles. Nuestra empresa de construcci\u00f3n le ofrece la mejor relaci\u00f3n calidad-precio del mercado.<\/p>\n\n<\/div><\/div>\n\n<div class=\"gb-grid-column gb-grid-column-59a9bd12\"><div class=\"gb-container gb-container-59a9bd12\">\n\n<h2 class=\"gb-headline gb-headline-e949e27b gb-headline-text\">03<\/h2>\n\n\n\n<h3 class=\"gb-headline gb-headline-0bf170c3 gb-headline-text\">10 a\u00f1os de garant\u00eda<\/h3>\n\n\n\n<p class=\"gb-headline gb-headline-e5f98ed8 gb-headline-text\">Nuestra empresa de construcci\u00f3n a medida le ofrece una calidad inigualable y la tranquilidad de una garant\u00eda de 10 a\u00f1os.<\/p>\n\n<\/div><\/div>\n<\/div>\n<\/section>\n<\/div>\n\n<section class=\"gb-container gb-container-014a9e04\">\n<div class=\"gb-container gb-container-07d8f853\">\n<div class=\"gb-container gb-container-f35428a6\">\n\n<p class=\"gb-headline gb-headline-64fec5dc gb-headline-text\">Aplicaci\u00f3n<\/p>\n\n\n\n<p class=\"gb-headline gb-headline-8f6f0df5 gb-headline-text\">En SWAC &amp; Construction, estamos especializados en la construcci\u00f3n de piscinas de hormig\u00f3n armado, que se moldean en un solo bloque para conseguir una resistencia y durabilidad \u00f3ptimas.<\/p>\n\n\n\n<p class=\"gb-headline gb-headline-1ba33ee6 gb-headline-text\">Desde un punto de vista t\u00e9cnico, el hormig\u00f3n armado ofrece una longevidad excepcional para su piscina, al tiempo que proporciona resistencia a las ondas s\u00edsmicas. Este m\u00e9todo de construcci\u00f3n puede aplicarse a todo tipo de terrenos y ofrece una garant\u00eda antifisuras, por lo que es una soluci\u00f3n ideal para una piscina duradera.<\/p>\n\n\n\n<p class=\"gb-headline gb-headline-81acf61c gb-headline-text\">Gracias al vertido uniforme del hormig\u00f3n, la estructura es perfectamente estanca, incluso sin utilizar un liner. Las piscinas de hormig\u00f3n son resistentes a todo tipo de climas, incluso los m\u00e1s extremos, lo que las convierte en una opci\u00f3n fiable y duradera para su propiedad.<\/p>\n\n<\/div>\n\n<div class=\"gb-container gb-container-f9a8a9e4\">\n\n            <div \n                class=\"elfsight-widget-portfolio elfsight-widget\" \n                data-elfsight-portfolio-options=\"%7B%22projects%22%3A%5B%7B%22id%22%3A%2240b321b5-a2d6-4fe5-a5df-423d8ee59e9f%22%2C%22name%22%3A%22%22%2C%22category%22%3A%22%22%2C%22description%22%3A%22%22%2C%22date%22%3A1520321760000%2C%22website%22%3A%22%22%2C%22previewPicture%22%3Anull%2C%22media%22%3A%5B%7B%22type%22%3A%22uploaded%22%2C%22data%22%3A%7B%22name%22%3A%22PHOTO-2021-06-16-17-13-17%22%2C%22url%22%3A%22https%3A%5C%2F%5C%2Fswacetconstruction.com%5C%2Fwp-content%5C%2Fuploads%5C%2F2023%5C%2F05%5C%2FPHOTO-2021-06-16-17-13-17.webp%22%2C%22size%22%3A83418%2C%22type%22%3A%22image%22%2C%22extension%22%3A%22webp%22%2C%22width%22%3A700%2C%22height%22%3A525%2C%22ext%22%3A%22webp%22%7D%7D%5D%2C%22undefined%22%3Anull%2C%22caption%22%3A%22%22%7D%2C%7B%22id%22%3A%22dfef9005-2d0c-40da-9742-4d2422b73939%22%2C%22name%22%3A%22%22%2C%22category%22%3A%22%22%2C%22description%22%3A%22%22%2C%22date%22%3A%222017-06-08%2010%3A43%22%2C%22website%22%3A%22%22%2C%22previewPicture%22%3Anull%2C%22media%22%3A%5B%7B%22type%22%3A%22uploaded%22%2C%22data%22%3A%7B%22name%22%3A%22PHOTO-2021-06-16-17-13-17-3%22%2C%22url%22%3A%22https%3A%5C%2F%5C%2Fswacetconstruction.com%5C%2Fwp-content%5C%2Fuploads%5C%2F2023%5C%2F05%5C%2FPHOTO-2021-06-16-17-13-17-3.webp%22%2C%22size%22%3A74112%2C%22type%22%3A%22image%22%2C%22extension%22%3A%22webp%22%2C%22width%22%3A700%2C%22height%22%3A525%2C%22ext%22%3A%22webp%22%7D%7D%5D%2C%22undefined%22%3Anull%2C%22caption%22%3A%22%22%7D%2C%7B%22id%22%3A%22350ec223-d45e-4746-b915-80ab034e7778%22%2C%22name%22%3A%22%22%2C%22category%22%3A%22%22%2C%22description%22%3A%22%22%2C%22date%22%3A1556610742508%2C%22website%22%3A%22%22%2C%22previewPicture%22%3Anull%2C%22media%22%3A%5B%7B%22type%22%3A%22uploaded%22%2C%22data%22%3A%7B%22name%22%3A%22PHOTO-2021-06-17-19-16-30-1024x768%22%2C%22url%22%3A%22https%3A%5C%2F%5C%2Fswacetconstruction.com%5C%2Fwp-content%5C%2Fuploads%5C%2F2023%5C%2F05%5C%2FPHOTO-2021-06-17-19-16-30-1024x768-1.webp%22%2C%22size%22%3A93224%2C%22type%22%3A%22image%22%2C%22extension%22%3A%22webp%22%2C%22width%22%3A700%2C%22height%22%3A525%2C%22ext%22%3A%22webp%22%7D%7D%5D%2C%22undefined%22%3Anull%2C%22caption%22%3A%22%22%7D%2C%7B%22id%22%3A%22ee6b40cb-5239-4175-9068-866ff41da224%22%2C%22name%22%3A%22%22%2C%22category%22%3A%22%22%2C%22description%22%3A%22%22%2C%22date%22%3A1468569300000%2C%22website%22%3A%22%22%2C%22previewPicture%22%3Anull%2C%22media%22%3A%5B%7B%22type%22%3A%22uploaded%22%2C%22data%22%3A%7B%22name%22%3A%22PHOTO-2021-06-18-09-52-54-4-1024x768%22%2C%22url%22%3A%22https%3A%5C%2F%5C%2Fswacetconstruction.com%5C%2Fwp-content%5C%2Fuploads%5C%2F2023%5C%2F05%5C%2FPHOTO-2021-06-18-09-52-54-4-1024x768-1.webp%22%2C%22size%22%3A62708%2C%22type%22%3A%22image%22%2C%22extension%22%3A%22webp%22%2C%22width%22%3A700%2C%22height%22%3A525%2C%22ext%22%3A%22webp%22%7D%7D%5D%2C%22undefined%22%3Anull%2C%22caption%22%3A%22%22%7D%2C%7B%22id%22%3A%2282861d1e-c1a8-4fb1-bce7-39b5ec507317%22%2C%22name%22%3A%22%22%2C%22category%22%3A%22%22%2C%22description%22%3A%22%22%2C%22date%22%3A%222011-07-14%2011%3A03%22%2C%22website%22%3A%22%22%2C%22previewPicture%22%3Anull%2C%22media%22%3A%5B%7B%22type%22%3A%22uploaded%22%2C%22data%22%3A%7B%22name%22%3A%22PHOTO-2021-06-18-09-52-54-3-1024x768%22%2C%22url%22%3A%22https%3A%5C%2F%5C%2Fswacetconstruction.com%5C%2Fwp-content%5C%2Fuploads%5C%2F2023%5C%2F05%5C%2FPHOTO-2021-06-18-09-52-54-3-1024x768-1.webp%22%2C%22size%22%3A70416%2C%22type%22%3A%22image%22%2C%22extension%22%3A%22webp%22%2C%22width%22%3A700%2C%22height%22%3A525%2C%22ext%22%3A%22webp%22%7D%7D%5D%2C%22undefined%22%3Anull%2C%22caption%22%3A%22%22%7D%2C%7B%22id%22%3A%222d751276-94c2-473b-90df-db2318947132%22%2C%22name%22%3A%22%22%2C%22category%22%3A%22%22%2C%22description%22%3A%22%22%2C%22date%22%3A%222011-07-14%2011%3A03%22%2C%22website%22%3A%22%22%2C%22previewPicture%22%3Anull%2C%22media%22%3A%5B%7B%22type%22%3A%22uploaded%22%2C%22data%22%3A%7B%22name%22%3A%22%22%2C%22url%22%3A%22https%3A%5C%2F%5C%2Fswacetconstruction.com%5C%2Fwp-content%5C%2Fuploads%5C%2F2023%5C%2F05%5C%2FPHOTO-2021-06-18-09-52-54-4-1024x768-1-1.webp%22%2C%22size%22%3A93066%2C%22type%22%3A%22image%22%2C%22extension%22%3A%22webp%22%2C%22width%22%3A1024%2C%22height%22%3A768%2C%22ext%22%3A%22webp%22%7D%7D%5D%2C%22undefined%22%3Anull%2C%22caption%22%3A%22%22%7D%5D%2C%22categoriesEnabled%22%3Afalse%2C%22categories%22%3A%5B%7B%22value%22%3A%22%22%2C%22name%22%3A%22%20-%20None%20-%20%22%2C%22visible%22%3Afalse%7D%2C%7B%22value%22%3A%22a27e3ed0-22a7-454a-9ad5-fa4d3a3beaf2%22%2C%22name%22%3A%22On%20the%20Wave%22%2C%22undefined%22%3Anull%7D%2C%7B%22value%22%3A%224523ac15-ce7f-471b-a3a3-a3c4ac0efbb9%22%2C%22name%22%3A%22People%22%2C%22undefined%22%3Anull%7D%5D%2C%22widgetTitle%22%3A%22%22%2C%22authorWhereToDisplay%22%3A%5B%5D%2C%22authorName%22%3A%22%22%2C%22authorDescription%22%3A%22%22%2C%22authorPhoto%22%3Anull%2C%22authorEmail%22%3A%22%22%2C%22authorPhone%22%3A%22%22%2C%22authorSocial%22%3A%5B%5D%2C%22ctaWhereToDisplay%22%3A%5B%5D%2C%22ctaButtonText%22%3A%22Hire%20me%22%2C%22ctaButtonLink%22%3A%22%22%2C%22lang%22%3A%22fr%22%2C%22layout%22%3A%22masonry%22%2C%22gridColumns%22%3A3%2C%22gridRows%22%3A3%2C%22gridGutter%22%3A10%2C%22gridItemAspectRatio%22%3A0.669%2C%22gridColumnsTablet%22%3A2%2C%22gridRowsTablet%22%3A2%2C%22gridColumnsMobile%22%3A1%2C%22gridRowsMobile%22%3A1%2C%22masonryColumns%22%3A3%2C%22masonryGutter%22%3A10%2C%22masonryItemsPerPage%22%3A6%2C%22masonryColumnsTablet%22%3A2%2C%22masonryColumnsMobile%22%3A2%2C%22listGutter%22%3A10%2C%22listItemsPerPage%22%3A8%2C%22listItemAspectRatio%22%3A0.333%2C%22width%22%3A%22auto%22%2C%22projectLook%22%3A%22overlay%22%2C%22projectInfoToDisplay%22%3A%5B%22name%22%2C%22caption%22%2C%22category%22%5D%2C%22projectClickAction%22%3A%22popup%22%2C%22popupInfoToDisplay%22%3A%5B%22name%22%2C%22description%22%2C%22website%22%5D%2C%22backgroundColor%22%3A%22%22%2C%22textColor%22%3A%22rgb%2817%2C%2017%2C%2017%29%22%2C%22ctaColor%22%3A%22rgb%2828%2C%2059%2C%20255%29%22%2C%22linksColor%22%3A%22rgb%2828%2C%2059%2C%20255%29%22%2C%22projectOverlayColor%22%3A%22rgba%2817%2C%2017%2C%2017%2C%200.7%29%22%2C%22projectBackgroundColor%22%3A%22%22%2C%22projectTextColor%22%3A%22%22%2C%22popupBackgroundColor%22%3A%22rgba%280%2C%200%2C%200%2C%200%29%22%2C%22popupTextColor%22%3A%22rgb%2817%2C%2017%2C%2017%29%22%2C%22popupOverlayColor%22%3A%22rgba%2817%2C%2017%2C%2017%2C%200.92%29%22%2C%22popupCtaColor%22%3A%22rgb%2828%2C%2059%2C%20255%29%22%2C%22popupLinksColor%22%3A%22rgb%2828%2C%2059%2C%20255%29%22%2C%22popupTextAlignment%22%3A%22left%22%2C%22widgetId%22%3A%221%22%7D\" \n                data-elfsight-portfolio-version=\"1.1.3\"\n                data-elfsight-widget-id=\"elfsight-portfolio-1\">\n            <\/div>\n            \n\n<\/div>\n<\/div>\n<\/section>\n\n<section class=\"gb-container gb-container-1b3fc304\">\n<div class=\"gb-container gb-container-bd6fd15a\">\n<div class=\"gb-grid-wrapper gb-grid-wrapper-ad39a0df\">\n<div class=\"gb-grid-column gb-grid-column-9abfe945\"><div class=\"gb-container gb-container-9abfe945\">\n\n<p class=\"gb-headline gb-headline-b168b1af gb-headline-text\">T\u00fa piensas, <strong>nosotros concebimos<\/strong><\/p>\n\n<\/div><\/div>\n\n<div class=\"gb-grid-column gb-grid-column-6b735ba3\"><div class=\"gb-container gb-container-6b735ba3\">\n\n<a class=\"gb-button gb-button-f3889f06 gb-button-text\" href=\"\/es\/contact\">D\u00edganos lo que quiere y lo haremos realidad.<\/a>\n\n<\/div><\/div>\n<\/div>\n<\/div>\n<\/section>","protected":false},"excerpt":{"rendered":"<p>Aplicaci\u00f3n En SWAC &amp; Construction, estamos especializados en la construcci\u00f3n de piscinas de hormig\u00f3n armado, que se moldean en un solo bloque para conseguir una &#8230; <a title=\"Construir una piscina de hormig\u00f3n\" class=\"read-more\" href=\"https:\/\/swacetconstruction.com\/es\/construccion-de-piscinas\/\" aria-label=\"Leer m\u00e1s sobre Construir una piscina de hormig\u00f3n\">Leer m\u00e1s<\/a><\/p>\n","protected":false},"author":1,"featured_media":5311,"parent":0,"menu_order":0,"comment_status":"closed","ping_status":"closed","template":"","meta":{"footnotes":""},"class_list":["post-2672","page","type-page","status-publish","has-post-thumbnail"],"yoast_head":"<!-- This site is optimized with the Yoast SEO plugin v23.1 - https:\/\/yoast.com\/wordpress\/plugins\/seo\/ -->\n<title>Construir una piscina de hormig\u00f3n - Construction de maisons personnalis\u00e9es en Paca<\/title>\n<meta name=\"robots\" content=\"index, follow, max-snippet:-1, max-image-preview:large, max-video-preview:-1\" \/>\n<link rel=\"canonical\" href=\"https:\/\/swacetconstruction.com\/construction-piscine\/\" \/>\n<meta property=\"og:locale\" content=\"es_ES\" \/>\n<meta property=\"og:type\" content=\"article\" \/>\n<meta property=\"og:title\" content=\"Construir una piscina de hormig\u00f3n - Construction de maisons personnalis\u00e9es en Paca\" \/>\n<meta property=\"og:description\" content=\"Aplicaci\u00f3n En SWAC &amp; Construction, estamos especializados en la construcci\u00f3n de piscinas de hormig\u00f3n armado, que se moldean en un solo bloque para conseguir una ... Leer m\u00e1s\" \/>\n<meta property=\"og:url\" content=\"https:\/\/swacetconstruction.com\/construction-piscine\/\" \/>\n<meta property=\"og:site_name\" content=\"Construction de maisons personnalis\u00e9es en Paca\" \/>\n<meta property=\"article:modified_time\" content=\"2023-06-06T01:12:37+00:00\" \/>\n<meta property=\"og:image\" content=\"https:\/\/swacetconstruction.com\/wp-content\/uploads\/2023\/05\/decennale.webp\" \/>\n<meta name=\"twitter:card\" content=\"summary_large_image\" \/>\n<meta name=\"twitter:label1\" content=\"Tiempo de lectura\" \/>\n\t<meta name=\"twitter:data1\" content=\"2 minutos\" \/>\n<script type=\"application\/ld+json\" class=\"yoast-schema-graph\">{\"@context\":\"https:\/\/schema.org\",\"@graph\":[{\"@type\":\"WebPage\",\"@id\":\"https:\/\/swacetconstruction.com\/construction-piscine\/\",\"url\":\"https:\/\/swacetconstruction.com\/construction-piscine\/\",\"name\":\"Construir una piscina de hormig\u00f3n - Construction de maisons personnalis\u00e9es en Paca\",\"isPartOf\":{\"@id\":\"https:\/\/swacetconstruction.com\/#website\"},\"primaryImageOfPage\":{\"@id\":\"https:\/\/swacetconstruction.com\/construction-piscine\/#primaryimage\"},\"image\":{\"@id\":\"https:\/\/swacetconstruction.com\/construction-piscine\/#primaryimage\"},\"thumbnailUrl\":\"https:\/\/swacetconstruction.com\/wp-content\/uploads\/2025\/11\/IMG_3491_3_11zon.webp\",\"datePublished\":\"2023-05-25T13:28:00+00:00\",\"dateModified\":\"2023-06-06T01:12:37+00:00\",\"breadcrumb\":{\"@id\":\"https:\/\/swacetconstruction.com\/construction-piscine\/#breadcrumb\"},\"inLanguage\":\"es\",\"potentialAction\":[{\"@type\":\"ReadAction\",\"target\":[\"https:\/\/swacetconstruction.com\/construction-piscine\/\"]}]},{\"@type\":\"ImageObject\",\"inLanguage\":\"es\",\"@id\":\"https:\/\/swacetconstruction.com\/construction-piscine\/#primaryimage\",\"url\":\"https:\/\/swacetconstruction.com\/wp-content\/uploads\/2025\/11\/IMG_3491_3_11zon.webp\",\"contentUrl\":\"https:\/\/swacetconstruction.com\/wp-content\/uploads\/2025\/11\/IMG_3491_3_11zon.webp\",\"width\":1600,\"height\":1600},{\"@type\":\"BreadcrumbList\",\"@id\":\"https:\/\/swacetconstruction.com\/construction-piscine\/#breadcrumb\",\"itemListElement\":[{\"@type\":\"ListItem\",\"position\":1,\"name\":\"Accueil\",\"item\":\"https:\/\/swacetconstruction.com\/es\/\"},{\"@type\":\"ListItem\",\"position\":2,\"name\":\"Construir una piscina de hormig\u00f3n\"}]},{\"@type\":\"WebSite\",\"@id\":\"https:\/\/swacetconstruction.com\/#website\",\"url\":\"https:\/\/swacetconstruction.com\/\",\"name\":\"Construction de maisons personnalis\u00e9es en Paca\",\"description\":\"\",\"publisher\":{\"@id\":\"https:\/\/swacetconstruction.com\/#organization\"},\"potentialAction\":[{\"@type\":\"SearchAction\",\"target\":{\"@type\":\"EntryPoint\",\"urlTemplate\":\"https:\/\/swacetconstruction.com\/?s={search_term_string}\"},\"query-input\":\"required name=search_term_string\"}],\"inLanguage\":\"es\"},{\"@type\":\"Organization\",\"@id\":\"https:\/\/swacetconstruction.com\/#organization\",\"name\":\"Construction de maisons personnalis\u00e9es en Paca\",\"url\":\"https:\/\/swacetconstruction.com\/\",\"logo\":{\"@type\":\"ImageObject\",\"inLanguage\":\"es\",\"@id\":\"https:\/\/swacetconstruction.com\/#\/schema\/logo\/image\/\",\"url\":\"https:\/\/swacetconstruction.com\/wp-content\/uploads\/2023\/05\/swac-removebg-preview.png\",\"contentUrl\":\"https:\/\/swacetconstruction.com\/wp-content\/uploads\/2023\/05\/swac-removebg-preview.png\",\"width\":700,\"height\":316,\"caption\":\"Construction de maisons personnalis\u00e9es en Paca\"},\"image\":{\"@id\":\"https:\/\/swacetconstruction.com\/#\/schema\/logo\/image\/\"}}]}<\/script>\n<!-- \/ Yoast SEO plugin. -->","yoast_head_json":{"title":"Construir una piscina de hormig\u00f3n - Construction de maisons personnalis\u00e9es en Paca","robots":{"index":"index","follow":"follow","max-snippet":"max-snippet:-1","max-image-preview":"max-image-preview:large","max-video-preview":"max-video-preview:-1"},"canonical":"https:\/\/swacetconstruction.com\/construction-piscine\/","og_locale":"es_ES","og_type":"article","og_title":"Construir una piscina de hormig\u00f3n - Construction de maisons personnalis\u00e9es en Paca","og_description":"Aplicaci\u00f3n En SWAC &amp; Construction, estamos especializados en la construcci\u00f3n de piscinas de hormig\u00f3n armado, que se moldean en un solo bloque para conseguir una ... Leer m\u00e1s","og_url":"https:\/\/swacetconstruction.com\/construction-piscine\/","og_site_name":"Construction de maisons personnalis\u00e9es en Paca","article_modified_time":"2023-06-06T01:12:37+00:00","og_image":[{"url":"https:\/\/swacetconstruction.com\/wp-content\/uploads\/2023\/05\/decennale.webp"}],"twitter_card":"summary_large_image","twitter_misc":{"Tiempo de lectura":"2 minutos"},"schema":{"@context":"https:\/\/schema.org","@graph":[{"@type":"WebPage","@id":"https:\/\/swacetconstruction.com\/construction-piscine\/","url":"https:\/\/swacetconstruction.com\/construction-piscine\/","name":"Construir una piscina de hormig\u00f3n - Construction de maisons personnalis\u00e9es en Paca","isPartOf":{"@id":"https:\/\/swacetconstruction.com\/#website"},"primaryImageOfPage":{"@id":"https:\/\/swacetconstruction.com\/construction-piscine\/#primaryimage"},"image":{"@id":"https:\/\/swacetconstruction.com\/construction-piscine\/#primaryimage"},"thumbnailUrl":"https:\/\/swacetconstruction.com\/wp-content\/uploads\/2025\/11\/IMG_3491_3_11zon.webp","datePublished":"2023-05-25T13:28:00+00:00","dateModified":"2023-06-06T01:12:37+00:00","breadcrumb":{"@id":"https:\/\/swacetconstruction.com\/construction-piscine\/#breadcrumb"},"inLanguage":"es","potentialAction":[{"@type":"ReadAction","target":["https:\/\/swacetconstruction.com\/construction-piscine\/"]}]},{"@type":"ImageObject","inLanguage":"es","@id":"https:\/\/swacetconstruction.com\/construction-piscine\/#primaryimage","url":"https:\/\/swacetconstruction.com\/wp-content\/uploads\/2025\/11\/IMG_3491_3_11zon.webp","contentUrl":"https:\/\/swacetconstruction.com\/wp-content\/uploads\/2025\/11\/IMG_3491_3_11zon.webp","width":1600,"height":1600},{"@type":"BreadcrumbList","@id":"https:\/\/swacetconstruction.com\/construction-piscine\/#breadcrumb","itemListElement":[{"@type":"ListItem","position":1,"name":"Accueil","item":"https:\/\/swacetconstruction.com\/es\/"},{"@type":"ListItem","position":2,"name":"Construir una piscina de hormig\u00f3n"}]},{"@type":"WebSite","@id":"https:\/\/swacetconstruction.com\/#website","url":"https:\/\/swacetconstruction.com\/","name":"Construction de maisons personnalis\u00e9es en Paca","description":"","publisher":{"@id":"https:\/\/swacetconstruction.com\/#organization"},"potentialAction":[{"@type":"SearchAction","target":{"@type":"EntryPoint","urlTemplate":"https:\/\/swacetconstruction.com\/?s={search_term_string}"},"query-input":"required name=search_term_string"}],"inLanguage":"es"},{"@type":"Organization","@id":"https:\/\/swacetconstruction.com\/#organization","name":"Construction de maisons personnalis\u00e9es en Paca","url":"https:\/\/swacetconstruction.com\/","logo":{"@type":"ImageObject","inLanguage":"es","@id":"https:\/\/swacetconstruction.com\/#\/schema\/logo\/image\/","url":"https:\/\/swacetconstruction.com\/wp-content\/uploads\/2023\/05\/swac-removebg-preview.png","contentUrl":"https:\/\/swacetconstruction.com\/wp-content\/uploads\/2023\/05\/swac-removebg-preview.png","width":700,"height":316,"caption":"Construction de maisons personnalis\u00e9es en Paca"},"image":{"@id":"https:\/\/swacetconstruction.com\/#\/schema\/logo\/image\/"}}]}},"_links":{"self":[{"href":"https:\/\/swacetconstruction.com\/es\/wp-json\/wp\/v2\/pages\/2672","targetHints":{"allow":["GET"]}}],"collection":[{"href":"https:\/\/swacetconstruction.com\/es\/wp-json\/wp\/v2\/pages"}],"about":[{"href":"https:\/\/swacetconstruction.com\/es\/wp-json\/wp\/v2\/types\/page"}],"author":[{"embeddable":true,"href":"https:\/\/swacetconstruction.com\/es\/wp-json\/wp\/v2\/users\/1"}],"replies":[{"embeddable":true,"href":"https:\/\/swacetconstruction.com\/es\/wp-json\/wp\/v2\/comments?post=2672"}],"version-history":[{"count":10,"href":"https:\/\/swacetconstruction.com\/es\/wp-json\/wp\/v2\/pages\/2672\/revisions"}],"predecessor-version":[{"id":3325,"href":"https:\/\/swacetconstruction.com\/es\/wp-json\/wp\/v2\/pages\/2672\/revisions\/3325"}],"wp:featuredmedia":[{"embeddable":true,"href":"https:\/\/swacetconstruction.com\/es\/wp-json\/wp\/v2\/media\/5311"}],"wp:attachment":[{"href":"https:\/\/swacetconstruction.com\/es\/wp-json\/wp\/v2\/media?parent=2672"}],"curies":[{"name":"wp","href":"https:\/\/api.w.org\/{rel}","templated":true}]}}