{"id":2668,"date":"2023-05-25T08:30:06","date_gmt":"2023-05-25T08:30:06","guid":{"rendered":"https:\/\/swacetconstruction.com\/construir-una-casa-de-alta-gama\/"},"modified":"2023-06-02T15:10:16","modified_gmt":"2023-06-02T15:10:16","slug":"construir-una-casa-de-alta-gama","status":"publish","type":"page","link":"https:\/\/swacetconstruction.com\/es\/construir-una-casa-de-alta-gama\/","title":{"rendered":"Construir una casa de alta gama"},"content":{"rendered":"<section class=\"gb-container gb-container-53ff3c59\">\n<div class=\"gb-container gb-container-6fdb1a46\">\n<div class=\"gb-grid-wrapper gb-grid-wrapper-a9c1f250\">\n<div class=\"gb-grid-column gb-grid-column-bc83b943\"><div class=\"gb-container gb-container-bc83b943 glass\">\n\n<h1 class=\"gb-headline gb-headline-f432a4ae gb-headline-text\">Construir una casa de alta gama<\/h1>\n\n\n\n<p class=\"gb-headline gb-headline-0a639fd9 gb-headline-text\">\u00bfPlanea <strong>construir una casa?<\/strong> Trabajamos como constructores para dar vida a su proyecto.<\/p>\n\n\n\n<p class=\"gb-headline gb-headline-d84f46a6 gb-headline-text\">Casa moderna, casa contempor\u00e1nea, casa tradicional: sea cual sea la envergadura de su proyecto, nos ocuparemos de todo el proceso de construcci\u00f3n de su casa y le ofreceremos un apoyo personalizado, desde la fase de planificaci\u00f3n hasta la entrega de llaves, sin retrasos in situ.<\/p>\n\n\n\n<p class=\"gb-headline gb-headline-030db3a4 gb-headline-text\">Con una gran experiencia acumulada desde 2011, podemos garantizar que su vivienda se construir\u00e1 con los m\u00e1s altos est\u00e1ndares, con las garant\u00edas necesarias (garant\u00eda decenal) y un seguimiento de calidad en cada fase.<\/p>\n\n\n<div class=\"gb-grid-wrapper gb-grid-wrapper-9edadf06\">\n<div class=\"gb-grid-column gb-grid-column-592fc72e\"><div class=\"gb-container gb-container-592fc72e\">\n<div class=\"wp-block-image\">\n<figure class=\"aligncenter size-full is-resized\"><img decoding=\"async\" src=\"https:\/\/swacetconstruction.com\/wp-content\/uploads\/2023\/05\/decennale.webp\" alt=\"\" class=\"wp-image-2310\" width=\"125\"\/><\/figure>\n<\/div>\n<\/div><\/div>\n\n<div class=\"gb-grid-column gb-grid-column-a3eaa626\"><div class=\"gb-container gb-container-a3eaa626\">\n<div class=\"wp-block-image\">\n<figure class=\"aligncenter size-full is-resized\"><img decoding=\"async\" src=\"https:\/\/swacetconstruction.com\/wp-content\/uploads\/2022\/03\/SG_LOC_Header_Left_Logo.webp\" alt=\"\" class=\"wp-image-1057\" width=\"125\"\/><\/figure>\n<\/div>\n<\/div><\/div>\n\n<div class=\"gb-grid-column gb-grid-column-96613d48\"><div class=\"gb-container gb-container-96613d48\">\n<div class=\"wp-block-image\">\n<figure class=\"aligncenter size-full is-resized\"><img loading=\"lazy\" decoding=\"async\" src=\"https:\/\/swacetconstruction.com\/wp-content\/uploads\/2022\/03\/rge-3.webp\" alt=\"\" class=\"wp-image-1055\" width=\"125\" height=\"63\"\/><\/figure>\n<\/div>\n<\/div><\/div>\n<\/div>\n\n\n<a class=\"gb-button gb-button-fb1e3db2 gb-button-text\" href=\"\/es\/contact\">Obtener un presupuesto<\/a>\n\n<\/div><\/div>\n<\/div>\n<\/div>\n<\/section>\n\n<div class=\"gb-container gb-container-754c1d50\">\n<section class=\"gb-container gb-container-bd22c1e3\">\n<div class=\"gb-grid-wrapper gb-grid-wrapper-23027a2e\">\n<div class=\"gb-grid-column gb-grid-column-8cc7d089\"><div class=\"gb-container gb-container-8cc7d089\">\n\n<h2 class=\"gb-headline gb-headline-bb09df4a gb-headline-text\">01<\/h2>\n\n\n\n<h3 class=\"gb-headline gb-headline-4a9b77ad gb-headline-text\">Sin demora<\/h3>\n\n\n\n<p class=\"gb-headline gb-headline-ec7cdd70 gb-headline-text\">Entrega puntual gracias a una gesti\u00f3n rigurosa y eficaz: nuestra empresa de construcci\u00f3n de gama alta cumple sus promesas.<\/p>\n\n<\/div><\/div>\n\n<div class=\"gb-grid-column gb-grid-column-8207e619\"><div class=\"gb-container gb-container-8207e619\">\n\n<h2 class=\"gb-headline gb-headline-d0a44ab4 gb-headline-text\">02<\/h2>\n\n\n\n<h3 class=\"gb-headline gb-headline-6f44b5b1 gb-headline-text\">Mejor precio<\/h3>\n\n\n\n<p class=\"gb-headline gb-headline-24dbd3aa gb-headline-text\">M\u00e1xima calidad a precios imbatibles. Nuestra empresa de construcci\u00f3n le ofrece la mejor relaci\u00f3n calidad-precio del mercado.<\/p>\n\n<\/div><\/div>\n\n<div class=\"gb-grid-column gb-grid-column-59a9bd12\"><div class=\"gb-container gb-container-59a9bd12\">\n\n<h2 class=\"gb-headline gb-headline-e949e27b gb-headline-text\">03<\/h2>\n\n\n\n<h3 class=\"gb-headline gb-headline-0bf170c3 gb-headline-text\">10 a\u00f1os de garant\u00eda<\/h3>\n\n\n\n<p class=\"gb-headline gb-headline-e5f98ed8 gb-headline-text\">Nuestra empresa de construcci\u00f3n a medida le ofrece una calidad inigualable y la tranquilidad de una garant\u00eda de 10 a\u00f1os.<\/p>\n\n<\/div><\/div>\n<\/div>\n<\/section>\n<\/div>\n\n<section class=\"gb-container gb-container-014a9e04\">\n<div class=\"gb-container gb-container-07d8f853\">\n<div class=\"gb-container gb-container-f35428a6\">\n\n<p class=\"gb-headline gb-headline-64fec5dc gb-headline-text\">Dise\u00f1o, urbano, casa ultramoderna<\/p>\n\n\n\n<p class=\"gb-headline gb-headline-8f6f0df5 gb-headline-text\">\u00bfSue\u00f1a con una casa que combine elegancia y personalizaci\u00f3n? \u00bfUn hogar \u00fanico que refleje fielmente qui\u00e9n es usted?<\/p>\n\n\n\n<p class=\"gb-headline gb-headline-1ba33ee6 gb-headline-text\">Con SWAC &amp; Construction, podr\u00e1 dar rienda suelta a todas sus aspiraciones de dise\u00f1o residencial.<\/p>\n\n\n\n<p class=\"gb-headline gb-headline-2c22733c gb-headline-text\">Nuestra experiencia nos permite crear casas con una arquitectura sofisticada, contrastes cuidadosamente pensados, tejados planos, grandes ventanales para inundar sus habitaciones de luz natural y carpinter\u00eda XXL para dar sensaci\u00f3n de espacio. Adem\u00e1s, podemos personalizar cada proyecto para adaptarlo a su estilo preferido, ya sea r\u00fastico, industrial u otro.<\/p>\n\n\n\n<p class=\"gb-headline gb-headline-d139b2b2 gb-headline-text\">Con equipos de \u00faltima generaci\u00f3n y sistemas de dom\u00f3tica para mejorar su comodidad y seguridad, creamos su villa a medida, luminosa y ultramoderna, que reflejar\u00e1 su personalidad y estilo de vida. Sue\u00f1e a lo grande y d\u00e9jenos convertir esos sue\u00f1os en realidad.<\/p>\n\n<\/div>\n\n<div class=\"gb-container gb-container-f9a8a9e4\"><\/div>\n<\/div>\n<\/section>\n\n<section class=\"gb-container gb-container-4245442c\">\n<div class=\"gb-container gb-container-5f955a24\">\n<div class=\"gb-grid-wrapper gb-grid-wrapper-aecd1064\">\n<div class=\"gb-grid-column gb-grid-column-448f0235\"><div class=\"gb-container gb-container-448f0235\">\n\n<p class=\"gb-headline gb-headline-25da2c06 gb-headline-text\">T\u00fa piensas, <strong>nosotros concebimos<\/strong><\/p>\n\n<\/div><\/div>\n\n<div class=\"gb-grid-column gb-grid-column-2f57107c\"><div class=\"gb-container gb-container-2f57107c\">\n\n<a class=\"gb-button gb-button-3317853c gb-button-text\" href=\"\/es\/contact\">D\u00edganos lo que quiere y lo haremos realidad.<\/a>\n\n<\/div><\/div>\n<\/div>\n<\/div>\n<\/section>\n\n<section class=\"gb-container gb-container-b3f54aaa\">\n<div class=\"gb-container gb-container-042e5355\">\n<div class=\"gb-container gb-container-26a4bb81\">\n\n<p class=\"gb-headline gb-headline-b751a60e gb-headline-text\">Materiales y decoraci\u00f3n a juego con su imagen<\/p>\n\n\n\n<p class=\"gb-headline gb-headline-a0f97d3e gb-headline-text\">Una vez terminada la estructura y las paredes de su casa, nuestro papel como socios constructores no termina ah\u00ed. Tambi\u00e9n le ayudamos a elegir los materiales, ofreci\u00e9ndole una amplia gama de opciones para personalizar su casa seg\u00fan sus gustos y preferencias.<\/p>\n\n\n\n<p class=\"gb-headline gb-headline-b165e001 gb-headline-text\">Desde la elecci\u00f3n de azulejos y pinturas hasta los equipos el\u00e9ctricos y de fontaner\u00eda, pasando por el equipamiento interior y exterior, estamos aqu\u00ed para ayudarle a tomar las mejores decisiones. Nuestro objetivo es ofrecerle una vivienda lista para vivir, que no solo sea funcional y c\u00f3moda, sino que tambi\u00e9n est\u00e9ticamente se ajuste a su imagen.<\/p>\n\n\n\n<p class=\"gb-headline gb-headline-92440a28 gb-headline-text\">Asesor\u00e1ndole sobre su futura decoraci\u00f3n, nos aseguramos de que cada aspecto de su hogar refleje su estilo y satisfaga sus necesidades. Conf\u00ede en SWAC &amp; Construction para hacer realidad su sue\u00f1o de una casa elegante y personalizada.<\/p>\n\n\n\n<figure class=\"gb-block-image gb-block-image-421bb118\"><img loading=\"lazy\" decoding=\"async\" width=\"1141\" height=\"294\" class=\"gb-image gb-image-421bb118\" src=\"https:\/\/swacetconstruction.com\/wp-content\/uploads\/2023\/05\/photo-18.webp\" alt=\"\" srcset=\"https:\/\/swacetconstruction.com\/wp-content\/uploads\/2023\/05\/photo-18.webp 1141w, https:\/\/swacetconstruction.com\/wp-content\/uploads\/2023\/05\/photo-18-300x77.webp 300w, https:\/\/swacetconstruction.com\/wp-content\/uploads\/2023\/05\/photo-18-1024x264.webp 1024w, https:\/\/swacetconstruction.com\/wp-content\/uploads\/2023\/05\/photo-18-768x198.webp 768w\" sizes=\"auto, (max-width: 1141px) 100vw, 1141px\" \/><\/figure>\n\n<\/div>\n<\/div>\n<\/section>\n\n<section class=\"gb-container gb-container-f9a1c204\">\n<div class=\"gb-container gb-container-b4fc9261\">\n<div class=\"gb-grid-wrapper gb-grid-wrapper-3864070c\">\n<div class=\"gb-grid-column gb-grid-column-3e711875\"><div class=\"gb-container gb-container-3e711875\">\n\n<button class=\"gb-button gb-button-1d283fd5 gb-button-text pointer open1\">Estudio de viabilidad<\/button>\n\n\n\n<button class=\"gb-button gb-button-36e50419 gb-button-text pointer open2\">Concepcion<\/button>\n\n\n\n<button class=\"gb-button gb-button-c6224f4f gb-button-text pointer open3\">Obras estructurales<\/button>\n\n\n\n<button class=\"gb-button gb-button-4d827596 gb-button-text pointer open4\">Acabados<\/button>\n\n\n\n<button class=\"gb-button gb-button-16595fb6 gb-button-text pointer open5\">Entrega de la obra<\/button>\n\n<\/div><\/div>\n\n<div class=\"gb-grid-column gb-grid-column-0a41e784\"><div class=\"gb-container gb-container-0a41e784\">\n<div class=\"gb-container gb-container-7f87d1c1 open-tabs tab1\">\n\n<figure class=\"gb-block-image gb-block-image-222ba23b\"><img loading=\"lazy\" decoding=\"async\" width=\"603\" height=\"253\" class=\"gb-image gb-image-222ba23b\" src=\"https:\/\/swacetconstruction.com\/wp-content\/uploads\/2023\/05\/photo-20.webp\" alt=\"\" srcset=\"https:\/\/swacetconstruction.com\/wp-content\/uploads\/2023\/05\/photo-20.webp 603w, https:\/\/swacetconstruction.com\/wp-content\/uploads\/2023\/05\/photo-20-300x126.webp 300w\" sizes=\"auto, (max-width: 603px) 100vw, 603px\" \/><\/figure>\n\n\n\n<p class=\"gb-headline gb-headline-e86f92fd gb-headline-text\">Tenemos en cuenta todos los criterios t\u00e9cnicos y financieros de su proyecto para garantizar su \u00e9xito.<\/p>\n\n<\/div>\n\n<div class=\"gb-container gb-container-8f1197e5 open-tabs tab2\">\n\n<figure class=\"gb-block-image gb-block-image-8340c589\"><img loading=\"lazy\" decoding=\"async\" width=\"603\" height=\"253\" class=\"gb-image gb-image-8340c589\" src=\"https:\/\/swacetconstruction.com\/wp-content\/uploads\/2023\/05\/photo-19.webp\" alt=\"\" srcset=\"https:\/\/swacetconstruction.com\/wp-content\/uploads\/2023\/05\/photo-19.webp 603w, https:\/\/swacetconstruction.com\/wp-content\/uploads\/2023\/05\/photo-19-300x126.webp 300w\" sizes=\"auto, (max-width: 603px) 100vw, 603px\" \/><\/figure>\n\n\n\n<p class=\"gb-headline gb-headline-30406f9b gb-headline-text\">Desde la idea hasta el dise\u00f1o, nuestro equipo escuchar\u00e1 sus deseos y necesidades, y dibujar\u00e1 su casa sobre un plano en 3D.<\/p>\n\n<\/div>\n\n<div class=\"gb-container gb-container-65926a55 open-tabs tab3\">\n\n<figure class=\"gb-block-image gb-block-image-77d82870\"><img loading=\"lazy\" decoding=\"async\" width=\"603\" height=\"253\" class=\"gb-image gb-image-77d82870\" src=\"https:\/\/swacetconstruction.com\/wp-content\/uploads\/2023\/05\/photo-21.webp\" alt=\"\" srcset=\"https:\/\/swacetconstruction.com\/wp-content\/uploads\/2023\/05\/photo-21.webp 603w, https:\/\/swacetconstruction.com\/wp-content\/uploads\/2023\/05\/photo-21-300x126.webp 300w\" sizes=\"auto, (max-width: 603px) 100vw, 603px\" \/><\/figure>\n\n\n\n<p class=\"gb-headline gb-headline-03e6b131 gb-headline-text\">Nuestra empresa est\u00e1 capacitada para llevar a cabo todos los trabajos de construcci\u00f3n necesarios para completar su futura vivienda.<\/p>\n\n<\/div>\n\n<div class=\"gb-container gb-container-58983755 open-tabs tab4\">\n\n<figure class=\"gb-block-image gb-block-image-44833cf6\"><img loading=\"lazy\" decoding=\"async\" width=\"603\" height=\"253\" class=\"gb-image gb-image-44833cf6\" src=\"https:\/\/swacetconstruction.com\/wp-content\/uploads\/2023\/05\/photo-23.webp\" alt=\"\" srcset=\"https:\/\/swacetconstruction.com\/wp-content\/uploads\/2023\/05\/photo-23.webp 603w, https:\/\/swacetconstruction.com\/wp-content\/uploads\/2023\/05\/photo-23-300x126.webp 300w\" sizes=\"auto, (max-width: 603px) 100vw, 603px\" \/><\/figure>\n\n\n\n<p class=\"gb-headline gb-headline-f55a8c30 gb-headline-text\">Le ofrecemos una amplia selecci\u00f3n de materiales y acabados para personalizar su hogar hasta el m\u00e1s m\u00ednimo detalle.<\/p>\n\n<\/div>\n\n<div class=\"gb-container gb-container-0b41983e open-tabs tab5\">\n\n<figure class=\"gb-block-image gb-block-image-480f6670\"><img loading=\"lazy\" decoding=\"async\" width=\"603\" height=\"253\" class=\"gb-image gb-image-480f6670\" src=\"https:\/\/swacetconstruction.com\/wp-content\/uploads\/2023\/05\/photo-24.webp\" alt=\"\" srcset=\"https:\/\/swacetconstruction.com\/wp-content\/uploads\/2023\/05\/photo-24.webp 603w, https:\/\/swacetconstruction.com\/wp-content\/uploads\/2023\/05\/photo-24-300x126.webp 300w\" sizes=\"auto, (max-width: 603px) 100vw, 603px\" \/><\/figure>\n\n\n\n<p class=\"gb-headline gb-headline-dbb0a371 gb-headline-text\">Como paso simb\u00f3lico, nos aseguramos de que la entrega de llaves se realice de forma correcta: comprobando que las obras se han llevado a cabo y que la obra cumple la normativa, ocup\u00e1ndonos de los tr\u00e1mites administrativos<\/p>\n\n<\/div>\n<\/div><\/div>\n<\/div>\n<\/div>\n<\/section>","protected":false},"excerpt":{"rendered":"<p>Dise\u00f1o, urbano, casa ultramoderna \u00bfSue\u00f1a con una casa que combine elegancia y personalizaci\u00f3n? \u00bfUn hogar \u00fanico que refleje fielmente qui\u00e9n es usted? Con SWAC &amp; &#8230; <a title=\"Construir una casa de alta gama\" class=\"read-more\" href=\"https:\/\/swacetconstruction.com\/es\/construir-una-casa-de-alta-gama\/\" aria-label=\"Leer m\u00e1s sobre Construir una casa de alta gama\">Leer m\u00e1s<\/a><\/p>\n","protected":false},"author":1,"featured_media":5427,"parent":0,"menu_order":0,"comment_status":"closed","ping_status":"closed","template":"","meta":{"footnotes":""},"class_list":["post-2668","page","type-page","status-publish","has-post-thumbnail"],"yoast_head":"<!-- This site is optimized with the Yoast SEO plugin v23.1 - https:\/\/yoast.com\/wordpress\/plugins\/seo\/ -->\n<title>Construir una casa de alta gama - Construction de maisons personnalis\u00e9es en Paca<\/title>\n<meta name=\"robots\" content=\"index, follow, max-snippet:-1, max-image-preview:large, max-video-preview:-1\" \/>\n<link rel=\"canonical\" href=\"https:\/\/swacetconstruction.com\/construction-maison\/\" \/>\n<meta property=\"og:locale\" content=\"es_ES\" \/>\n<meta property=\"og:type\" content=\"article\" \/>\n<meta property=\"og:title\" content=\"Construir una casa de alta gama - Construction de maisons personnalis\u00e9es en Paca\" \/>\n<meta property=\"og:description\" content=\"Dise\u00f1o, urbano, casa ultramoderna \u00bfSue\u00f1a con una casa que combine elegancia y personalizaci\u00f3n? \u00bfUn hogar \u00fanico que refleje fielmente qui\u00e9n es usted? Con SWAC &amp; ... Leer m\u00e1s\" \/>\n<meta property=\"og:url\" content=\"https:\/\/swacetconstruction.com\/construction-maison\/\" \/>\n<meta property=\"og:site_name\" content=\"Construction de maisons personnalis\u00e9es en Paca\" \/>\n<meta property=\"article:modified_time\" content=\"2023-06-02T15:10:16+00:00\" \/>\n<meta property=\"og:image\" content=\"https:\/\/swacetconstruction.com\/wp-content\/uploads\/2023\/05\/decennale.webp\" \/>\n<meta name=\"twitter:card\" content=\"summary_large_image\" \/>\n<meta name=\"twitter:label1\" content=\"Tiempo de lectura\" \/>\n\t<meta name=\"twitter:data1\" content=\"3 minutos\" \/>\n<script type=\"application\/ld+json\" class=\"yoast-schema-graph\">{\"@context\":\"https:\/\/schema.org\",\"@graph\":[{\"@type\":\"WebPage\",\"@id\":\"https:\/\/swacetconstruction.com\/construction-maison\/\",\"url\":\"https:\/\/swacetconstruction.com\/construction-maison\/\",\"name\":\"Construir una casa de alta gama - Construction de maisons personnalis\u00e9es en Paca\",\"isPartOf\":{\"@id\":\"https:\/\/swacetconstruction.com\/#website\"},\"primaryImageOfPage\":{\"@id\":\"https:\/\/swacetconstruction.com\/construction-maison\/#primaryimage\"},\"image\":{\"@id\":\"https:\/\/swacetconstruction.com\/construction-maison\/#primaryimage\"},\"thumbnailUrl\":\"https:\/\/swacetconstruction.com\/wp-content\/uploads\/2025\/11\/5_1_11zon.webp\",\"datePublished\":\"2023-05-25T08:30:06+00:00\",\"dateModified\":\"2023-06-02T15:10:16+00:00\",\"breadcrumb\":{\"@id\":\"https:\/\/swacetconstruction.com\/construction-maison\/#breadcrumb\"},\"inLanguage\":\"es\",\"potentialAction\":[{\"@type\":\"ReadAction\",\"target\":[\"https:\/\/swacetconstruction.com\/construction-maison\/\"]}]},{\"@type\":\"ImageObject\",\"inLanguage\":\"es\",\"@id\":\"https:\/\/swacetconstruction.com\/construction-maison\/#primaryimage\",\"url\":\"https:\/\/swacetconstruction.com\/wp-content\/uploads\/2025\/11\/5_1_11zon.webp\",\"contentUrl\":\"https:\/\/swacetconstruction.com\/wp-content\/uploads\/2025\/11\/5_1_11zon.webp\",\"width\":1024,\"height\":1024},{\"@type\":\"BreadcrumbList\",\"@id\":\"https:\/\/swacetconstruction.com\/construction-maison\/#breadcrumb\",\"itemListElement\":[{\"@type\":\"ListItem\",\"position\":1,\"name\":\"Accueil\",\"item\":\"https:\/\/swacetconstruction.com\/es\/\"},{\"@type\":\"ListItem\",\"position\":2,\"name\":\"Construir una casa de alta gama\"}]},{\"@type\":\"WebSite\",\"@id\":\"https:\/\/swacetconstruction.com\/#website\",\"url\":\"https:\/\/swacetconstruction.com\/\",\"name\":\"Construction de maisons personnalis\u00e9es en Paca\",\"description\":\"\",\"publisher\":{\"@id\":\"https:\/\/swacetconstruction.com\/#organization\"},\"potentialAction\":[{\"@type\":\"SearchAction\",\"target\":{\"@type\":\"EntryPoint\",\"urlTemplate\":\"https:\/\/swacetconstruction.com\/?s={search_term_string}\"},\"query-input\":\"required name=search_term_string\"}],\"inLanguage\":\"es\"},{\"@type\":\"Organization\",\"@id\":\"https:\/\/swacetconstruction.com\/#organization\",\"name\":\"Construction de maisons personnalis\u00e9es en Paca\",\"url\":\"https:\/\/swacetconstruction.com\/\",\"logo\":{\"@type\":\"ImageObject\",\"inLanguage\":\"es\",\"@id\":\"https:\/\/swacetconstruction.com\/#\/schema\/logo\/image\/\",\"url\":\"https:\/\/swacetconstruction.com\/wp-content\/uploads\/2023\/05\/swac-removebg-preview.png\",\"contentUrl\":\"https:\/\/swacetconstruction.com\/wp-content\/uploads\/2023\/05\/swac-removebg-preview.png\",\"width\":700,\"height\":316,\"caption\":\"Construction de maisons personnalis\u00e9es en Paca\"},\"image\":{\"@id\":\"https:\/\/swacetconstruction.com\/#\/schema\/logo\/image\/\"}}]}<\/script>\n<!-- \/ Yoast SEO plugin. -->","yoast_head_json":{"title":"Construir una casa de alta gama - Construction de maisons personnalis\u00e9es en Paca","robots":{"index":"index","follow":"follow","max-snippet":"max-snippet:-1","max-image-preview":"max-image-preview:large","max-video-preview":"max-video-preview:-1"},"canonical":"https:\/\/swacetconstruction.com\/construction-maison\/","og_locale":"es_ES","og_type":"article","og_title":"Construir una casa de alta gama - Construction de maisons personnalis\u00e9es en Paca","og_description":"Dise\u00f1o, urbano, casa ultramoderna \u00bfSue\u00f1a con una casa que combine elegancia y personalizaci\u00f3n? \u00bfUn hogar \u00fanico que refleje fielmente qui\u00e9n es usted? Con SWAC &amp; ... Leer m\u00e1s","og_url":"https:\/\/swacetconstruction.com\/construction-maison\/","og_site_name":"Construction de maisons personnalis\u00e9es en Paca","article_modified_time":"2023-06-02T15:10:16+00:00","og_image":[{"url":"https:\/\/swacetconstruction.com\/wp-content\/uploads\/2023\/05\/decennale.webp"}],"twitter_card":"summary_large_image","twitter_misc":{"Tiempo de lectura":"3 minutos"},"schema":{"@context":"https:\/\/schema.org","@graph":[{"@type":"WebPage","@id":"https:\/\/swacetconstruction.com\/construction-maison\/","url":"https:\/\/swacetconstruction.com\/construction-maison\/","name":"Construir una casa de alta gama - Construction de maisons personnalis\u00e9es en Paca","isPartOf":{"@id":"https:\/\/swacetconstruction.com\/#website"},"primaryImageOfPage":{"@id":"https:\/\/swacetconstruction.com\/construction-maison\/#primaryimage"},"image":{"@id":"https:\/\/swacetconstruction.com\/construction-maison\/#primaryimage"},"thumbnailUrl":"https:\/\/swacetconstruction.com\/wp-content\/uploads\/2025\/11\/5_1_11zon.webp","datePublished":"2023-05-25T08:30:06+00:00","dateModified":"2023-06-02T15:10:16+00:00","breadcrumb":{"@id":"https:\/\/swacetconstruction.com\/construction-maison\/#breadcrumb"},"inLanguage":"es","potentialAction":[{"@type":"ReadAction","target":["https:\/\/swacetconstruction.com\/construction-maison\/"]}]},{"@type":"ImageObject","inLanguage":"es","@id":"https:\/\/swacetconstruction.com\/construction-maison\/#primaryimage","url":"https:\/\/swacetconstruction.com\/wp-content\/uploads\/2025\/11\/5_1_11zon.webp","contentUrl":"https:\/\/swacetconstruction.com\/wp-content\/uploads\/2025\/11\/5_1_11zon.webp","width":1024,"height":1024},{"@type":"BreadcrumbList","@id":"https:\/\/swacetconstruction.com\/construction-maison\/#breadcrumb","itemListElement":[{"@type":"ListItem","position":1,"name":"Accueil","item":"https:\/\/swacetconstruction.com\/es\/"},{"@type":"ListItem","position":2,"name":"Construir una casa de alta gama"}]},{"@type":"WebSite","@id":"https:\/\/swacetconstruction.com\/#website","url":"https:\/\/swacetconstruction.com\/","name":"Construction de maisons personnalis\u00e9es en Paca","description":"","publisher":{"@id":"https:\/\/swacetconstruction.com\/#organization"},"potentialAction":[{"@type":"SearchAction","target":{"@type":"EntryPoint","urlTemplate":"https:\/\/swacetconstruction.com\/?s={search_term_string}"},"query-input":"required name=search_term_string"}],"inLanguage":"es"},{"@type":"Organization","@id":"https:\/\/swacetconstruction.com\/#organization","name":"Construction de maisons personnalis\u00e9es en Paca","url":"https:\/\/swacetconstruction.com\/","logo":{"@type":"ImageObject","inLanguage":"es","@id":"https:\/\/swacetconstruction.com\/#\/schema\/logo\/image\/","url":"https:\/\/swacetconstruction.com\/wp-content\/uploads\/2023\/05\/swac-removebg-preview.png","contentUrl":"https:\/\/swacetconstruction.com\/wp-content\/uploads\/2023\/05\/swac-removebg-preview.png","width":700,"height":316,"caption":"Construction de maisons personnalis\u00e9es en Paca"},"image":{"@id":"https:\/\/swacetconstruction.com\/#\/schema\/logo\/image\/"}}]}},"_links":{"self":[{"href":"https:\/\/swacetconstruction.com\/es\/wp-json\/wp\/v2\/pages\/2668","targetHints":{"allow":["GET"]}}],"collection":[{"href":"https:\/\/swacetconstruction.com\/es\/wp-json\/wp\/v2\/pages"}],"about":[{"href":"https:\/\/swacetconstruction.com\/es\/wp-json\/wp\/v2\/types\/page"}],"author":[{"embeddable":true,"href":"https:\/\/swacetconstruction.com\/es\/wp-json\/wp\/v2\/users\/1"}],"replies":[{"embeddable":true,"href":"https:\/\/swacetconstruction.com\/es\/wp-json\/wp\/v2\/comments?post=2668"}],"version-history":[{"count":11,"href":"https:\/\/swacetconstruction.com\/es\/wp-json\/wp\/v2\/pages\/2668\/revisions"}],"predecessor-version":[{"id":3238,"href":"https:\/\/swacetconstruction.com\/es\/wp-json\/wp\/v2\/pages\/2668\/revisions\/3238"}],"wp:featuredmedia":[{"embeddable":true,"href":"https:\/\/swacetconstruction.com\/es\/wp-json\/wp\/v2\/media\/5427"}],"wp:attachment":[{"href":"https:\/\/swacetconstruction.com\/es\/wp-json\/wp\/v2\/media?parent=2668"}],"curies":[{"name":"wp","href":"https:\/\/api.w.org\/{rel}","templated":true}]}}