{"id":2247,"date":"2022-03-28T19:29:59","date_gmt":"2022-03-28T19:29:59","guid":{"rendered":"https:\/\/swacetconstruction.com\/pongase-en-contacto-con-nosotros-para-todas-sus-necesidades-de-construccion-y-renovacion\/"},"modified":"2023-06-06T12:55:50","modified_gmt":"2023-06-06T12:55:50","slug":"contact","status":"publish","type":"page","link":"https:\/\/swacetconstruction.com\/es\/contact\/","title":{"rendered":"P\u00f3ngase en contacto con nosotros para todas sus necesidades de construcci\u00f3n y renovaci\u00f3n"},"content":{"rendered":"<div class=\"gb-container gb-container-5f57f2a9\">\n\n<p class=\"gb-headline gb-headline-f40e8455 gb-headline-text\">\n            <div \n                class=\"elfsight-widget-form-builder elfsight-widget\" \n                data-elfsight-form-builder-options=\"%7B%22ei%22%3A%22%22%2C%22fields%22%3A%5B%7B%22type%22%3A%22text%22%2C%22placeholder%22%3A%22%22%2C%22description%22%3A%22%22%2C%22label%22%3A%22Apellidos%22%2C%22required%22%3Atrue%2C%22columnWidth%22%3A50%2C%22id%22%3A%22%5Bapellidos%5D%22%7D%2C%7B%22type%22%3A%22text%22%2C%22placeholder%22%3A%22%22%2C%22description%22%3A%22%22%2C%22label%22%3A%22Nombre%22%2C%22required%22%3Atrue%2C%22columnWidth%22%3A50%2C%22id%22%3A%22%5Bnombre%5D%22%7D%2C%7B%22type%22%3A%22email%22%2C%22label%22%3A%22Correo%20electr%5Cu00f3nico%22%2C%22description%22%3A%22%22%2C%22placeholder%22%3A%22%22%2C%22required%22%3Atrue%2C%22columnWidth%22%3A50%2C%22id%22%3A%22%5Bcorreo-electr%5Cu00f3nico%5D%22%7D%2C%7B%22type%22%3A%22phone%22%2C%22label%22%3A%22N%5Cu00famero%20de%20tel%5Cu00e9fono%22%2C%22placeholder%22%3A%22%22%2C%22description%22%3A%22%22%2C%22required%22%3Atrue%2C%22columnWidth%22%3A50%2C%22id%22%3A%22%5Bn%5Cu00famero-de-tel%5Cu00e9fono%5D%22%7D%2C%7B%22type%22%3A%22textarea%22%2C%22label%22%3A%22Mensaje%22%2C%22description%22%3A%22%22%2C%22placeholder%22%3A%22%22%2C%22required%22%3Afalse%2C%22columnWidth%22%3A100%2C%22id%22%3A%22%5Bmensaje%5D%22%7D%2C%7B%22type%22%3A%22file%22%2C%22label%22%3A%22Adjunto%22%2C%22description%22%3A%22%22%2C%22fileLinkCaption%22%3A%22Elegir%20archivo%22%2C%22fileDragCaption%22%3A%22o%20arrastre%20y%20suelte%20aqu%5Cu00ed%22%2C%22fileAllowedAll%22%3Atrue%2C%22fileMax%22%3A25%2C%22required%22%3Afalse%2C%22fileAllowed%22%3A%5B%22.jpg%22%2C%22.jpeg%22%2C%22.png%22%2C%22.gif%22%2C%22.txt%22%2C%22.pdf%22%2C%22.doc%22%2C%22.docx%22%2C%22.pages%22%2C%22.numbers%22%2C%22.xls%22%2C%22.xlsx%22%2C%22.odt%22%2C%22.ppt%22%2C%22.pptx%22%2C%22.pps%22%2C%22.ppsx%22%2C%22.html%22%5D%7D%5D%2C%22headerActive%22%3Afalse%2C%22headerTitle%22%3A%22Get%20in%20Touch%22%2C%22headerText%22%3A%22Vous%20avez%20un%20projet%26nbsp%3B%3F%20Vous%20voulez%20le%20voir%20se%20concr%5Cu00e9tiser%26nbsp%3B%3F%20Notre%20entreprise%20SWAC%20%26amp%3B%20CONSTRUCTION%20met%20%5Cu00e0%20votre%20disposition%20tout%20son%26nbsp%3Bsavoir-faire%20dans%20le%20domaine%20de%20la%20construction%20et%20de%20la%20r%5Cu00e9novation%26nbsp%3Bpour%20penser%20ou%20repenser%20vos%20espaces.Quels%20que%20soient%20la%20taille%20de%20votre%20projet%2C%20vos%20envies%2C%20vos%20go%5Cu00fbts%20et%20votre%20budget%2C%20nous%20vous%20proposons%20des%26nbsp%3Bplans%20sur%20mesure%2C%20%5Cu00e9labor%5Cu00e9s%20par%20des%20professionnels%20%28bureau%20d%5Cu2019%5Cu00e9tudes%2C%20architectes%2C%20etc.%29.%20Toutes%20nos%20constructions%20sont%20r%5Cu00e9alis%5Cu00e9es%20avec%20des%26nbsp%3Bmat%5Cu00e9riaux%20de%20qualit%5Cu00e9%26nbsp%3Boffrant%20fiabilit%5Cu00e9%2C%20durabilit%5Cu00e9%20et%20performances%20%5Cu00e9nerg%5Cu00e9tiques%20conformes%20%5Cu00e0%20la%26nbsp%3Bnorme%20RT%202012.%22%2C%22headerPictureUrl%22%3A%22message%22%2C%22footerText%22%3A%22%22%2C%22actionAfterSubmit%22%3A%22redirect%22%2C%22successMessage%22%3A%22Su%20solicitud%20ha%20sido%20enviada.%20En%20breve%20nos%20pondremos%20en%20contacto%20con%20usted.%22%2C%22successContinueText%22%3A%22Gracias%22%2C%22redirectUrl%22%3A%22https%3A%5C%2F%5C%2Fswacetconstruction.com%5C%2Fes%5C%2Fredirection%5C%2F%22%2C%22submitText%22%3A%22Enviar%22%2C%22stepsMessagesDivider%22%3Anull%2C%22stepsMessagesTitle%22%3Anull%2C%22stepsText%22%3A%22step%20%251%20of%20%252%22%2C%22stepBackText%22%3A%22Back%22%2C%22stepNextText%22%3A%22Next%22%2C%22errorMessageAllRequired%22%3A%22Rellene%20todos%20los%20campos%20obligatorios%22%2C%22errorMessageAllIncorrect%22%3A%22Rellene%20todos%20los%20campos%20correctamente%22%2C%22errorMessageSetMailTo%22%3A%22Defina%20la%20direcci%5Cu00f3n%20de%20correo%20electr%5Cu00f3nico%20a%20la%20que%20deben%20enviarse%20los%20mensajes%22%2C%22errorMessageRequiredCaptcha%22%3A%22Por%20favor%2C%20introduzca%20el%20captcha%22%2C%22errorMessageFileSizeLimit%22%3A%22Se%20ha%20superado%20el%20l%5Cu00edmite%20de%20tama%5Cu00f1o%20de%20archivo%22%2C%22errorMessageFileNotAllowed%22%3A%22Extensi%5Cu00f3n%20de%20archivo%20no%20autorizada%22%2C%22errorMessageUnknown%22%3A%22Error%20desconocido%22%2C%22errorMessageRequired%22%3A%22campos%20obligatorios%22%2C%22errorMessageInvalid%22%3A%22Discapacitados%22%2C%22errorMessageInvalidEmail%22%3A%22Correo%20electr%5Cu00f3nico%20no%20v%5Cu00e1lido%22%2C%22errorMessageInvalidPhone%22%3A%22N%5Cu00famero%20de%20tel%5Cu00e9fono%20no%20v%5Cu00e1lido%22%2C%22errorMessageInvalidUrl%22%3A%22URL%20no%20v%5Cu00e1lida%22%2C%22calendarWeekdaysShorthand%22%3A%22Sun%5CnMon%5CnTue%5CnWed%5CnThu%5CnFri%5CnSat%22%2C%22calendarMonthsLonghand%22%3A%22January%5CnFebruary%5CnMarch%5CnApril%5CnMay%5CnJune%5CnJuly%5CnAugust%5CnSeptember%5CnOctober%5CnNovember%5CnDecember%22%2C%22showProgress%22%3Atrue%2C%22recaptchaType%22%3A%22checkbox%22%2C%22integrationsGoogleToken%22%3A%22%22%2C%22integrationsGoogleSheetId%22%3A%22%22%2C%22layout%22%3A%22default%22%2C%22floatingIcon%22%3A%22message%22%2C%22floatingText%22%3A%22%22%2C%22floatingPosition%22%3A%22right%22%2C%22width%22%3A%22580%22%2C%22style%22%3A%22flat-rounded%22%2C%22mainColor%22%3A%22rgb%28104%2C%20165%2C%20230%29%22%2C%22apiUrl%22%3A%22https%3A%5C%2F%5C%2Fswacetconstruction.com%5C%2Fes%5C%2Fwp-json%5C%2Felfsight-form-builder%5C%2Fapi%22%2C%22recaptchaKeyCheckbox%22%3A%226LfXGHgUAAAAAHNIE_EH7kEI1l4xvf_ynIlg5bfo%22%2C%22recaptchaKeyInvisible%22%3A%226Ld1CXgUAAAAAFTHmixC1Eo-NP7_3ddB1YOj9AfX%22%2C%22widgetId%22%3A%224%22%7D\" \n                data-elfsight-form-builder-version=\"1.5.1\"\n                data-elfsight-widget-id=\"elfsight-form-builder-4\">\n            <\/div>\n            <\/p>\n\n<\/div>\n\n<div class=\"gb-container gb-container-89fa6201\">\n<div class=\"gb-container gb-container-e87e2a02\">\n\n<p class=\"gb-headline gb-headline-562401a6 gb-headline-text\">\u00bfTiene alg\u00fan sue\u00f1o arquitect\u00f3nico que le gustar\u00eda ver hecho realidad?<\/p>\n\n\n\n<p class=\"gb-headline gb-headline-432cdceb gb-headline-text\">Nuestra empresa, SWAC &amp; CONSTRUCTION, est\u00e1 a su servicio para convertir sus visiones en realidades tangibles. Nuestra experiencia en construcci\u00f3n y renovaci\u00f3n nos permite dise\u00f1ar y remodelar sus espacios vitales seg\u00fan sus especificaciones exactas.<\/p>\n\n\n\n<p class=\"gb-headline gb-headline-dbe2dea9 gb-headline-text\">Sea cual sea el tama\u00f1o de su proyecto, sus preferencias est\u00e9ticas, sus deseos particulares y su presupuesto, nos comprometemos a proporcionarle planos personalizados. Estos planos son elaborados por un equipo de profesionales experimentados, que incluye una oficina de dise\u00f1o, arquitectos y otros profesionales.<\/p>\n\n\n\n<p class=\"gb-headline gb-headline-840dfb5e gb-headline-text\">Nos comprometemos a garantizar la calidad, durabilidad y fiabilidad de todos nuestros edificios. Para conseguirlo, utilizamos materiales de primera calidad que no s\u00f3lo garantizan un rendimiento energ\u00e9tico \u00f3ptimo, sino que tambi\u00e9n cumplen la norma RT 2012. Con SWAC &amp; CONSTRUCTION, su proyecto est\u00e1 en buenas manos.<\/p>\n\n<\/div>\n<\/div>\n\n<div class=\"gb-container gb-container-b04e8012\">\n\n<p class=\"gb-headline gb-headline-ddcc18d8 gb-headline-text\"><strong>Nuestros datos de contacto<\/strong><\/p>\n\n\n<div class=\"gb-container gb-container-1d642ed3\">\n<div class=\"gb-container gb-container-6ffcb91c\">\n\n<h2 class=\"gb-headline gb-headline-1e6db73a gb-headline-text\">N\u00famero de tel\u00e9fono :<\/h2>\n\n\n\n<p class=\"gb-headline gb-headline-76393788\"><span class=\"gb-icon\"><svg xmlns=\"http:\/\/www.w3.org\/2000\/svg\" fill=\"#ffffff\" viewBox=\"0 0 32 32\" version=\"1.1\" stroke=\"#ffffff\"><g id=\"SVGRepo_bgCarrier\" stroke-width=\"0\"><\/g><g id=\"SVGRepo_tracerCarrier\" stroke-linecap=\"round\" stroke-linejoin=\"round\"><\/g><g id=\"SVGRepo_iconCarrier\"> <title>tel\u00e9fono<\/title> <path d=\"M0 10.375c0 0.938 0.344 1.969 0.781 3.063s1 2.125 1.438 2.906c1.188 2.063 2.719 4.094 4.469 5.781s3.813 3.094 6.125 3.938c1.344 0.531 2.688 1.125 4.188 1.125 0.75 0 1.813-0.281 2.781-0.688 0.938-0.406 1.781-1.031 2.094-1.781 0.125-0.281 0.281-0.656 0.375-1.094 0.094-0.406 0.156-0.813 0.156-1.094 0-0.156 0-0.313-0.031-0.344-0.094-0.188-0.313-0.344-0.563-0.5-0.563-0.281-0.656-0.375-1.5-0.875-0.875-0.5-1.781-1.063-2.563-1.469-0.375-0.219-0.625-0.313-0.719-0.313-0.5 0-1.125 0.688-1.656 1.438-0.563 0.75-1.188 1.438-1.625 1.438-0.219 0-0.438-0.094-0.688-0.25s-0.5-0.281-0.656-0.375c-2.75-1.563-4.594-3.406-6.156-6.125-0.188-0.313-0.625-0.969-0.625-1.313 0-0.406 0.563-0.875 1.125-1.375 0.531-0.469 1.094-1.031 1.094-1.719 0-0.094-0.063-0.375-0.188-0.781-0.281-0.813-0.656-1.75-0.969-2.656-0.156-0.438-0.281-0.75-0.313-0.906-0.063-0.094-0.094-0.219-0.125-0.375s-0.094-0.281-0.125-0.406c-0.094-0.281-0.25-0.5-0.406-0.625-0.156-0.063-0.531-0.156-0.906-0.188-0.375 0-0.813-0.031-1-0.031-0.094 0-0.219 0-0.344 0.031h-0.406c-1 0.438-1.719 1.313-2.25 2.344-0.5 1.031-0.813 2.188-0.813 3.219z\"><\/path> <\/g><\/svg><\/span><span class=\"gb-headline-text\"><strong><a href=\"tel:+33442843379\">04 42 84 33 79<\/a> <\/strong><\/span><\/p>\n\n<\/div>\n\n<div class=\"gb-container gb-container-968b32f8\">\n\n<h2 class=\"gb-headline gb-headline-fbbb6219 gb-headline-text\">Direcci\u00f3n:<\/h2>\n\n\n\n<p class=\"gb-headline gb-headline-3cd6b7d6\"><span class=\"gb-icon\"><svg xmlns=\"http:\/\/www.w3.org\/2000\/svg\" aria-hidden=\"true\" role=\"img\" height=\"1em\" width=\"1em\" viewBox=\"0 0 384 512\"><path fill=\"currentColor\" d=\"M172.268 501.67C26.97 291.031 0 269.413 0 192 0 85.961 85.961 0 192 0s192 85.961 192 192c0 77.413-26.97 99.031-172.268 309.67-9.535 13.774-29.93 13.773-39.464 0zM192 272c44.183 0 80-35.817 80-80s-35.817-80-80-80-80 35.817-80 80 35.817 80 80 80z\"><\/path><\/svg><\/span><span class=\"gb-headline-text\"><strong>6 route Pierre Imbert 13260 Cassis<\/strong><\/span><\/p>\n\n<\/div>\n\n<div class=\"gb-container gb-container-0c72dc74\">\n\n<h2 class=\"gb-headline gb-headline-1acc1518 gb-headline-text\">Correo electr\u00f3nico :<\/h2>\n\n\n\n<p class=\"gb-headline gb-headline-8854e186\"><span class=\"gb-icon\"><svg xmlns=\"http:\/\/www.w3.org\/2000\/svg\" aria-hidden=\"true\" role=\"img\" height=\"1em\" width=\"1em\" viewBox=\"0 0 512 512\"><path fill=\"currentColor\" d=\"M464 64H48C21.49 64 0 85.49 0 112v288c0 26.51 21.49 48 48 48h416c26.51 0 48-21.49 48-48V112c0-26.51-21.49-48-48-48zm0 48v40.805c-22.422 18.259-58.168 46.651-134.587 106.49-16.841 13.247-50.201 45.072-73.413 44.701-23.208.375-56.579-31.459-73.413-44.701C106.18 199.465 70.425 171.067 48 152.805V112h416zM48 400V214.398c22.914 18.251 55.409 43.862 104.938 82.646 21.857 17.205 60.134 55.186 103.062 54.955 42.717.231 80.509-37.199 103.053-54.947 49.528-38.783 82.032-64.401 104.947-82.653V400H48z\"><\/path><\/svg><\/span><span class=\"gb-headline-text\"><strong><a href=\"mailto:contact@swacetconstruction.com\">contact@swacetconstruction.com<\/a><\/strong><\/span><\/p>\n\n<\/div>\n<\/div>\n<\/div>","protected":false},"excerpt":{"rendered":"<p>\u00bfTiene alg\u00fan sue\u00f1o arquitect\u00f3nico que le gustar\u00eda ver hecho realidad? Nuestra empresa, SWAC &amp; CONSTRUCTION, est\u00e1 a su servicio para convertir sus visiones en realidades &#8230; <a title=\"P\u00f3ngase en contacto con nosotros para todas sus necesidades de construcci\u00f3n y renovaci\u00f3n\" class=\"read-more\" href=\"https:\/\/swacetconstruction.com\/es\/contact\/\" aria-label=\"Leer m\u00e1s sobre P\u00f3ngase en contacto con nosotros para todas sus necesidades de construcci\u00f3n y renovaci\u00f3n\">Leer m\u00e1s<\/a><\/p>\n","protected":false},"author":1,"featured_media":0,"parent":0,"menu_order":0,"comment_status":"closed","ping_status":"closed","template":"","meta":{"footnotes":""},"class_list":["post-2247","page","type-page","status-publish"],"yoast_head":"<!-- This site is optimized with the Yoast SEO plugin v23.1 - https:\/\/yoast.com\/wordpress\/plugins\/seo\/ -->\n<title>P\u00f3ngase en contacto con nosotros para todas sus necesidades de construcci\u00f3n y renovaci\u00f3n - Construction de maisons personnalis\u00e9es en Paca<\/title>\n<meta name=\"robots\" content=\"index, follow, max-snippet:-1, max-image-preview:large, max-video-preview:-1\" \/>\n<link rel=\"canonical\" href=\"https:\/\/swacetconstruction.com\/contact\/\" \/>\n<meta property=\"og:locale\" content=\"es_ES\" \/>\n<meta property=\"og:type\" content=\"article\" \/>\n<meta property=\"og:title\" content=\"P\u00f3ngase en contacto con nosotros para todas sus necesidades de construcci\u00f3n y renovaci\u00f3n - Construction de maisons personnalis\u00e9es en Paca\" \/>\n<meta property=\"og:description\" content=\"\u00bfTiene alg\u00fan sue\u00f1o arquitect\u00f3nico que le gustar\u00eda ver hecho realidad? Nuestra empresa, SWAC &amp; CONSTRUCTION, est\u00e1 a su servicio para convertir sus visiones en realidades ... Leer m\u00e1s\" \/>\n<meta property=\"og:url\" content=\"https:\/\/swacetconstruction.com\/contact\/\" \/>\n<meta property=\"og:site_name\" content=\"Construction de maisons personnalis\u00e9es en Paca\" \/>\n<meta property=\"article:modified_time\" content=\"2023-06-06T12:55:50+00:00\" \/>\n<meta name=\"twitter:card\" content=\"summary_large_image\" \/>\n<meta name=\"twitter:label1\" content=\"Tiempo de lectura\" \/>\n\t<meta name=\"twitter:data1\" content=\"1 minuto\" \/>\n<script type=\"application\/ld+json\" class=\"yoast-schema-graph\">{\"@context\":\"https:\/\/schema.org\",\"@graph\":[{\"@type\":\"WebPage\",\"@id\":\"https:\/\/swacetconstruction.com\/contact\/\",\"url\":\"https:\/\/swacetconstruction.com\/contact\/\",\"name\":\"P\u00f3ngase en contacto con nosotros para todas sus necesidades de construcci\u00f3n y renovaci\u00f3n - Construction de maisons personnalis\u00e9es en Paca\",\"isPartOf\":{\"@id\":\"https:\/\/swacetconstruction.com\/#website\"},\"datePublished\":\"2022-03-28T19:29:59+00:00\",\"dateModified\":\"2023-06-06T12:55:50+00:00\",\"breadcrumb\":{\"@id\":\"https:\/\/swacetconstruction.com\/contact\/#breadcrumb\"},\"inLanguage\":\"es\",\"potentialAction\":[{\"@type\":\"ReadAction\",\"target\":[\"https:\/\/swacetconstruction.com\/contact\/\"]}]},{\"@type\":\"BreadcrumbList\",\"@id\":\"https:\/\/swacetconstruction.com\/contact\/#breadcrumb\",\"itemListElement\":[{\"@type\":\"ListItem\",\"position\":1,\"name\":\"Accueil\",\"item\":\"https:\/\/swacetconstruction.com\/es\/\"},{\"@type\":\"ListItem\",\"position\":2,\"name\":\"P\u00f3ngase en contacto con nosotros para todas sus necesidades de construcci\u00f3n y renovaci\u00f3n\"}]},{\"@type\":\"WebSite\",\"@id\":\"https:\/\/swacetconstruction.com\/#website\",\"url\":\"https:\/\/swacetconstruction.com\/\",\"name\":\"Construction de maisons personnalis\u00e9es en Paca\",\"description\":\"\",\"publisher\":{\"@id\":\"https:\/\/swacetconstruction.com\/#organization\"},\"potentialAction\":[{\"@type\":\"SearchAction\",\"target\":{\"@type\":\"EntryPoint\",\"urlTemplate\":\"https:\/\/swacetconstruction.com\/?s={search_term_string}\"},\"query-input\":\"required name=search_term_string\"}],\"inLanguage\":\"es\"},{\"@type\":\"Organization\",\"@id\":\"https:\/\/swacetconstruction.com\/#organization\",\"name\":\"Construction de maisons personnalis\u00e9es en Paca\",\"url\":\"https:\/\/swacetconstruction.com\/\",\"logo\":{\"@type\":\"ImageObject\",\"inLanguage\":\"es\",\"@id\":\"https:\/\/swacetconstruction.com\/#\/schema\/logo\/image\/\",\"url\":\"https:\/\/swacetconstruction.com\/wp-content\/uploads\/2023\/05\/swac-removebg-preview.png\",\"contentUrl\":\"https:\/\/swacetconstruction.com\/wp-content\/uploads\/2023\/05\/swac-removebg-preview.png\",\"width\":700,\"height\":316,\"caption\":\"Construction de maisons personnalis\u00e9es en Paca\"},\"image\":{\"@id\":\"https:\/\/swacetconstruction.com\/#\/schema\/logo\/image\/\"}}]}<\/script>\n<!-- \/ Yoast SEO plugin. -->","yoast_head_json":{"title":"P\u00f3ngase en contacto con nosotros para todas sus necesidades de construcci\u00f3n y renovaci\u00f3n - Construction de maisons personnalis\u00e9es en Paca","robots":{"index":"index","follow":"follow","max-snippet":"max-snippet:-1","max-image-preview":"max-image-preview:large","max-video-preview":"max-video-preview:-1"},"canonical":"https:\/\/swacetconstruction.com\/contact\/","og_locale":"es_ES","og_type":"article","og_title":"P\u00f3ngase en contacto con nosotros para todas sus necesidades de construcci\u00f3n y renovaci\u00f3n - Construction de maisons personnalis\u00e9es en Paca","og_description":"\u00bfTiene alg\u00fan sue\u00f1o arquitect\u00f3nico que le gustar\u00eda ver hecho realidad? Nuestra empresa, SWAC &amp; CONSTRUCTION, est\u00e1 a su servicio para convertir sus visiones en realidades ... Leer m\u00e1s","og_url":"https:\/\/swacetconstruction.com\/contact\/","og_site_name":"Construction de maisons personnalis\u00e9es en Paca","article_modified_time":"2023-06-06T12:55:50+00:00","twitter_card":"summary_large_image","twitter_misc":{"Tiempo de lectura":"1 minuto"},"schema":{"@context":"https:\/\/schema.org","@graph":[{"@type":"WebPage","@id":"https:\/\/swacetconstruction.com\/contact\/","url":"https:\/\/swacetconstruction.com\/contact\/","name":"P\u00f3ngase en contacto con nosotros para todas sus necesidades de construcci\u00f3n y renovaci\u00f3n - Construction de maisons personnalis\u00e9es en Paca","isPartOf":{"@id":"https:\/\/swacetconstruction.com\/#website"},"datePublished":"2022-03-28T19:29:59+00:00","dateModified":"2023-06-06T12:55:50+00:00","breadcrumb":{"@id":"https:\/\/swacetconstruction.com\/contact\/#breadcrumb"},"inLanguage":"es","potentialAction":[{"@type":"ReadAction","target":["https:\/\/swacetconstruction.com\/contact\/"]}]},{"@type":"BreadcrumbList","@id":"https:\/\/swacetconstruction.com\/contact\/#breadcrumb","itemListElement":[{"@type":"ListItem","position":1,"name":"Accueil","item":"https:\/\/swacetconstruction.com\/es\/"},{"@type":"ListItem","position":2,"name":"P\u00f3ngase en contacto con nosotros para todas sus necesidades de construcci\u00f3n y renovaci\u00f3n"}]},{"@type":"WebSite","@id":"https:\/\/swacetconstruction.com\/#website","url":"https:\/\/swacetconstruction.com\/","name":"Construction de maisons personnalis\u00e9es en Paca","description":"","publisher":{"@id":"https:\/\/swacetconstruction.com\/#organization"},"potentialAction":[{"@type":"SearchAction","target":{"@type":"EntryPoint","urlTemplate":"https:\/\/swacetconstruction.com\/?s={search_term_string}"},"query-input":"required name=search_term_string"}],"inLanguage":"es"},{"@type":"Organization","@id":"https:\/\/swacetconstruction.com\/#organization","name":"Construction de maisons personnalis\u00e9es en Paca","url":"https:\/\/swacetconstruction.com\/","logo":{"@type":"ImageObject","inLanguage":"es","@id":"https:\/\/swacetconstruction.com\/#\/schema\/logo\/image\/","url":"https:\/\/swacetconstruction.com\/wp-content\/uploads\/2023\/05\/swac-removebg-preview.png","contentUrl":"https:\/\/swacetconstruction.com\/wp-content\/uploads\/2023\/05\/swac-removebg-preview.png","width":700,"height":316,"caption":"Construction de maisons personnalis\u00e9es en Paca"},"image":{"@id":"https:\/\/swacetconstruction.com\/#\/schema\/logo\/image\/"}}]}},"_links":{"self":[{"href":"https:\/\/swacetconstruction.com\/es\/wp-json\/wp\/v2\/pages\/2247","targetHints":{"allow":["GET"]}}],"collection":[{"href":"https:\/\/swacetconstruction.com\/es\/wp-json\/wp\/v2\/pages"}],"about":[{"href":"https:\/\/swacetconstruction.com\/es\/wp-json\/wp\/v2\/types\/page"}],"author":[{"embeddable":true,"href":"https:\/\/swacetconstruction.com\/es\/wp-json\/wp\/v2\/users\/1"}],"replies":[{"embeddable":true,"href":"https:\/\/swacetconstruction.com\/es\/wp-json\/wp\/v2\/comments?post=2247"}],"version-history":[{"count":10,"href":"https:\/\/swacetconstruction.com\/es\/wp-json\/wp\/v2\/pages\/2247\/revisions"}],"predecessor-version":[{"id":3334,"href":"https:\/\/swacetconstruction.com\/es\/wp-json\/wp\/v2\/pages\/2247\/revisions\/3334"}],"wp:attachment":[{"href":"https:\/\/swacetconstruction.com\/es\/wp-json\/wp\/v2\/media?parent=2247"}],"curies":[{"name":"wp","href":"https:\/\/api.w.org\/{rel}","templated":true}]}}